{"id":959,"date":"2025-08-22T08:53:04","date_gmt":"2025-08-22T06:53:04","guid":{"rendered":"https:\/\/neos-detergents.com\/unsere-produkte\/"},"modified":"2025-11-18T10:14:28","modified_gmt":"2025-11-18T09:14:28","slug":"unsere-produkte","status":"publish","type":"page","link":"https:\/\/neos-detergents.com\/de\/unsere-produkte\/","title":{"rendered":"Unsere Produkte"},"content":{"rendered":"\n<div class=\"block-banniere\" data-module=\"blockBanniere\">\n    <div class=\"block-banniere__inner\">\n                    <div class=\"block-banniere__breadcrumbs\">\n                <div class=\"breadcrumb-icon\">\n                    <img loading=\"lazy\" decoding=\"async\" \n                        src=\"https:\/\/neos-detergents.com\/wp-content\/themes\/mediapilote\/images\/icons\/breadcrumb.svg\" \n                        alt=\"Brotkrumen-Symbol\"\n                        width=\"14\" \n                        height=\"14\"\n                    \/>\n                <\/div>\n                <nav class=\"breadcrumb-nav\" aria-label=\"Brotkrumen\"><span><span><a href=\"https:\/\/neos-detergents.com\/de\/\">Neos<\/a><\/span><\/span><\/nav>            <\/div>\n        \n                    <div class=\"block-banniere__image-container\">\n                                <img decoding=\"async\" \n                    src=\"https:\/\/neos-detergents.com\/wp-content\/uploads\/2025\/08\/neos-nos-produits.webp\" \n                    alt=\"neos nos produits\"\n                    title=\"neos nos produits\"\n                    class=\"block-banniere__image\"\n                    loading=\"lazy\"\n                \/>\n            <\/div>\n        \n        <div class=\"block-banniere__content\">\n                            <h1 class=\"block-banniere__title\">\n                    Unsere Produkte                <\/h1>\n            \n            \n                            <div class=\"block-banniere__description\">\n                    <p style=\"text-align: center\">NEOS, nachhaltige Leistung im Dienst der Kosmetikindustrie.<\/p>\n<p style=\"text-align: center\">Ob zur Beseitigung hartn\u00e4ckiger Inhaltsstoffe, Reinigung komplexer Ausr\u00fcstungen, Reinigung sensibler Bereiche, Validierung der Reinigung oder auch f\u00fcr den richtigen Umgang mit Allergenen und Schadstoffen usw. \u2013 die NEOS-Reinigungsmittel sind die L\u00f6sung f\u00fcr die spezifischen Reinigungsanforderungen Ihrer Anlagen in der Kosmetikindustrie.<\/p>\n<p style=\"text-align: center\">Die NEOS-Produkte sind bei allen Kosmetika (Hygieneprodukten, feuchtigkeitsspendenden Produkten, Haarpflegeprodukten, Make-up, Parfums, Sonnenschutzmitteln usw.) effizient und bieten eine starke Reinigungskraft f\u00fcr mehr Produktivit\u00e4t.<\/p>\n                <\/div>\n                    <\/div>\n    <\/div>\n<\/div>\n\n<section class=\"block-selection-produit alignfull\">\n    <div class=\"container-fluid\">\n        <div class=\"row\">\n            <div class=\"col-12\">\n                <div class=\"block-selection-produit__content\">\n                                        \n                                            <div class=\"block-selection-produit__grid\">\n                                                            <article class=\"block-selection-produit__item\">\n                                    <a href=\"https:\/\/neos-detergents.com\/de\/unsere-produkte\/neos-green\/\" class=\"block-selection-produit__item-link\">\n                                        <div class=\"block-selection-produit__item-image\">\n                                            <div class=\"block-selection-produit__item-image__background\"><\/div>\n                                                                                            <div class=\"block-selection-produit__item-bg\" style=\"background-image: url('https:\/\/neos-detergents.com\/wp-content\/uploads\/2025\/08\/neos-green.png');\"><\/div>\n                                                                                    <\/div>\n                                        <div class=\"block-selection-produit__item-footer\">\n                                            <h2 class=\"block-selection-produit__item-title text-uppercase\">\n                                                Neos Green                                            <\/h3>\n                                            <div class=\"block-selection-produit__item-arrow\">\n                                                <svg width=\"13\" height=\"13\" viewBox=\"0 0 13 13\" fill=\"none\" xmlns=\"http:\/\/www.w3.org\/2000\/svg\">\n                                                    <path d=\"M6.5 1V12M1 6.5H12\" stroke=\"#1D1D1B\" stroke-width=\"2\" stroke-linecap=\"round\" stroke-linejoin=\"round\"\/>\n                                                <\/svg>\n                                            <\/div>\n                                        <\/div>\n                                    <\/a>\n                                <\/article>\n                                                                <article class=\"block-selection-produit__item\">\n                                    <a href=\"https:\/\/neos-detergents.com\/de\/unsere-produkte\/neos-active\/\" class=\"block-selection-produit__item-link\">\n                                        <div class=\"block-selection-produit__item-image\">\n                                            <div class=\"block-selection-produit__item-image__background\"><\/div>\n                                                                                            <div class=\"block-selection-produit__item-bg\" style=\"background-image: url('https:\/\/neos-detergents.com\/wp-content\/uploads\/2025\/08\/neos-active-1-scaled.png');\"><\/div>\n                                                                                    <\/div>\n                                        <div class=\"block-selection-produit__item-footer\">\n                                            <h2 class=\"block-selection-produit__item-title text-uppercase\">\n                                                Neos Active                                            <\/h3>\n                                            <div class=\"block-selection-produit__item-arrow\">\n                                                <svg width=\"13\" height=\"13\" viewBox=\"0 0 13 13\" fill=\"none\" xmlns=\"http:\/\/www.w3.org\/2000\/svg\">\n                                                    <path d=\"M6.5 1V12M1 6.5H12\" stroke=\"#1D1D1B\" stroke-width=\"2\" stroke-linecap=\"round\" stroke-linejoin=\"round\"\/>\n                                                <\/svg>\n                                            <\/div>\n                                        <\/div>\n                                    <\/a>\n                                <\/article>\n                                                                <article class=\"block-selection-produit__item\">\n                                    <a href=\"https:\/\/neos-detergents.com\/de\/unsere-produkte\/neos-red\/\" class=\"block-selection-produit__item-link\">\n                                        <div class=\"block-selection-produit__item-image\">\n                                            <div class=\"block-selection-produit__item-image__background\"><\/div>\n                                                                                            <div class=\"block-selection-produit__item-bg\" style=\"background-image: url('https:\/\/neos-detergents.com\/wp-content\/uploads\/2025\/08\/neos-red.png');\"><\/div>\n                                                                                    <\/div>\n                                        <div class=\"block-selection-produit__item-footer\">\n                                            <h2 class=\"block-selection-produit__item-title text-uppercase\">\n                                                Neos Red                                            <\/h3>\n                                            <div class=\"block-selection-produit__item-arrow\">\n                                                <svg width=\"13\" height=\"13\" viewBox=\"0 0 13 13\" fill=\"none\" xmlns=\"http:\/\/www.w3.org\/2000\/svg\">\n                                                    <path d=\"M6.5 1V12M1 6.5H12\" stroke=\"#1D1D1B\" stroke-width=\"2\" stroke-linecap=\"round\" stroke-linejoin=\"round\"\/>\n                                                <\/svg>\n                                            <\/div>\n                                        <\/div>\n                                    <\/a>\n                                <\/article>\n                                                                <article class=\"block-selection-produit__item\">\n                                    <a href=\"https:\/\/neos-detergents.com\/de\/unsere-produkte\/neos-purple\/\" class=\"block-selection-produit__item-link\">\n                                        <div class=\"block-selection-produit__item-image\">\n                                            <div class=\"block-selection-produit__item-image__background\"><\/div>\n                                                                                            <div class=\"block-selection-produit__item-bg\" style=\"background-image: url('https:\/\/neos-detergents.com\/wp-content\/uploads\/2025\/08\/neos-purple.png');\"><\/div>\n                                                                                    <\/div>\n                                        <div class=\"block-selection-produit__item-footer\">\n                                            <h2 class=\"block-selection-produit__item-title text-uppercase\">\n                                                Neos Purple                                            <\/h3>\n                                            <div class=\"block-selection-produit__item-arrow\">\n                                                <svg width=\"13\" height=\"13\" viewBox=\"0 0 13 13\" fill=\"none\" xmlns=\"http:\/\/www.w3.org\/2000\/svg\">\n                                                    <path d=\"M6.5 1V12M1 6.5H12\" stroke=\"#1D1D1B\" stroke-width=\"2\" stroke-linecap=\"round\" stroke-linejoin=\"round\"\/>\n                                                <\/svg>\n                                            <\/div>\n                                        <\/div>\n                                    <\/a>\n                                <\/article>\n                                                                <article class=\"block-selection-produit__item\">\n                                    <a href=\"https:\/\/neos-detergents.com\/de\/unsere-produkte\/neos-blue\/\" class=\"block-selection-produit__item-link\">\n                                        <div class=\"block-selection-produit__item-image\">\n                                            <div class=\"block-selection-produit__item-image__background\"><\/div>\n                                                                                            <div class=\"block-selection-produit__item-bg\" style=\"background-image: url('https:\/\/neos-detergents.com\/wp-content\/uploads\/2025\/08\/neos-blue.png');\"><\/div>\n                                                                                    <\/div>\n                                        <div class=\"block-selection-produit__item-footer\">\n                                            <h2 class=\"block-selection-produit__item-title text-uppercase\">\n                                                Neos Blue                                            <\/h3>\n                                            <div class=\"block-selection-produit__item-arrow\">\n                                                <svg width=\"13\" height=\"13\" viewBox=\"0 0 13 13\" fill=\"none\" xmlns=\"http:\/\/www.w3.org\/2000\/svg\">\n                                                    <path d=\"M6.5 1V12M1 6.5H12\" stroke=\"#1D1D1B\" stroke-width=\"2\" stroke-linecap=\"round\" stroke-linejoin=\"round\"\/>\n                                                <\/svg>\n                                            <\/div>\n                                        <\/div>\n                                    <\/a>\n                                <\/article>\n                                                        <\/div>\n                                    <\/div>\n            <\/div>\n        <\/div>\n    <\/div>\n<\/section>\n\n<div class=\"block-bouton\">\n    <div class=\"block-bouton__container container\">\n        <div class=\"block-bouton__content text-center\">\n            \n            <a href=\"https:\/\/neos-detergents.com\/wp-content\/uploads\/2025\/08\/2503-EPR-Brochure-Neos-V4_compressed.pdf\" class=\"btn btn-primary\" download=\"2503-EPR-Brochure-Neos-V4_compressed.pdf\" target=\"_blank\">\n                Brosch\u00fcre herunterladen            <\/a>\n            \n        <\/div>\n    <\/div>\n<\/div>\n","protected":false},"excerpt":{"rendered":"","protected":false},"author":1,"featured_media":0,"parent":0,"menu_order":1,"comment_status":"closed","ping_status":"closed","template":"","meta":{"_acf_changed":false,"footnotes":""},"class_list":["post-959","page","type-page","status-publish","hentry"],"acf":[],"yoast_head":"<!-- This site is optimized with the Yoast SEO plugin v27.3 - https:\/\/yoast.com\/product\/yoast-seo-wordpress\/ -->\n<title>Unsere Produkte | Neos<\/title>\n<meta name=\"description\" content=\"Die NEOS-Produkte sind bei allen Kosmetika (Hygieneprodukten, feuchtigkeitsspendenden Produkten, Haarpflegeprodukten, Make-up, Parfums, Sonnenschutzmitteln usw.) effizient und bieten eine starke Reinigungskraft f\u00fcr mehr Produktivit\u00e4t.\" \/>\n<meta name=\"robots\" content=\"index, follow, max-snippet:-1, max-image-preview:large, max-video-preview:-1\" \/>\n<link rel=\"canonical\" href=\"https:\/\/neos-detergents.com\/de\/unsere-produkte\/\" \/>\n<meta property=\"og:locale\" content=\"de_DE\" \/>\n<meta property=\"og:type\" content=\"article\" \/>\n<meta property=\"og:title\" content=\"Unsere Produkte | Neos\" \/>\n<meta property=\"og:description\" content=\"Die NEOS-Produkte sind bei allen Kosmetika (Hygieneprodukten, feuchtigkeitsspendenden Produkten, Haarpflegeprodukten, Make-up, Parfums, Sonnenschutzmitteln usw.) effizient und bieten eine starke Reinigungskraft f\u00fcr mehr Produktivit\u00e4t.\" \/>\n<meta property=\"og:url\" content=\"https:\/\/neos-detergents.com\/de\/unsere-produkte\/\" \/>\n<meta property=\"og:site_name\" content=\"Neos\" \/>\n<meta property=\"article:modified_time\" content=\"2025-11-18T09:14:28+00:00\" \/>\n<meta name=\"twitter:card\" content=\"summary_large_image\" \/>\n<script type=\"application\/ld+json\" class=\"yoast-schema-graph\">{\"@context\":\"https:\\\/\\\/schema.org\",\"@graph\":[{\"@type\":\"WebPage\",\"@id\":\"https:\\\/\\\/neos-detergents.com\\\/de\\\/unsere-produkte\\\/\",\"url\":\"https:\\\/\\\/neos-detergents.com\\\/de\\\/unsere-produkte\\\/\",\"name\":\"Unsere Produkte | Neos\",\"isPartOf\":{\"@id\":\"https:\\\/\\\/neos-detergents.com\\\/de\\\/#website\"},\"datePublished\":\"2025-08-22T06:53:04+00:00\",\"dateModified\":\"2025-11-18T09:14:28+00:00\",\"description\":\"Die NEOS-Produkte sind bei allen Kosmetika (Hygieneprodukten, feuchtigkeitsspendenden Produkten, Haarpflegeprodukten, Make-up, Parfums, Sonnenschutzmitteln usw.) effizient und bieten eine starke Reinigungskraft f\u00fcr mehr Produktivit\u00e4t.\",\"breadcrumb\":{\"@id\":\"https:\\\/\\\/neos-detergents.com\\\/de\\\/unsere-produkte\\\/#breadcrumb\"},\"inLanguage\":\"de\",\"potentialAction\":[{\"@type\":\"ReadAction\",\"target\":[\"https:\\\/\\\/neos-detergents.com\\\/de\\\/unsere-produkte\\\/\"]}]},{\"@type\":\"BreadcrumbList\",\"@id\":\"https:\\\/\\\/neos-detergents.com\\\/de\\\/unsere-produkte\\\/#breadcrumb\",\"itemListElement\":[{\"@type\":\"ListItem\",\"position\":1,\"name\":\"Neos\",\"item\":\"https:\\\/\\\/neos-detergents.com\\\/de\\\/\"},{\"@type\":\"ListItem\",\"position\":2,\"name\":\"Unsere Produkte\"}]},{\"@type\":\"WebSite\",\"@id\":\"https:\\\/\\\/neos-detergents.com\\\/de\\\/#website\",\"url\":\"https:\\\/\\\/neos-detergents.com\\\/de\\\/\",\"name\":\"Neos\",\"description\":\"La performance durable au service de l&#039;industrie cosm\u00e9tique\",\"publisher\":{\"@id\":\"https:\\\/\\\/neos-detergents.com\\\/de\\\/#organization\"},\"potentialAction\":[{\"@type\":\"SearchAction\",\"target\":{\"@type\":\"EntryPoint\",\"urlTemplate\":\"https:\\\/\\\/neos-detergents.com\\\/de\\\/?s={search_term_string}\"},\"query-input\":{\"@type\":\"PropertyValueSpecification\",\"valueRequired\":true,\"valueName\":\"search_term_string\"}}],\"inLanguage\":\"de\"},{\"@type\":\"Organization\",\"@id\":\"https:\\\/\\\/neos-detergents.com\\\/de\\\/#organization\",\"name\":\"Neos\",\"url\":\"https:\\\/\\\/neos-detergents.com\\\/de\\\/\",\"logo\":{\"@type\":\"ImageObject\",\"inLanguage\":\"de\",\"@id\":\"https:\\\/\\\/neos-detergents.com\\\/de\\\/#\\\/schema\\\/logo\\\/image\\\/\",\"url\":\"https:\\\/\\\/neos-detergents.com\\\/wp-content\\\/uploads\\\/2025\\\/08\\\/logo.svg\",\"contentUrl\":\"https:\\\/\\\/neos-detergents.com\\\/wp-content\\\/uploads\\\/2025\\\/08\\\/logo.svg\",\"width\":1,\"height\":1,\"caption\":\"Neos\"},\"image\":{\"@id\":\"https:\\\/\\\/neos-detergents.com\\\/de\\\/#\\\/schema\\\/logo\\\/image\\\/\"}}]}<\/script>\n<!-- \/ Yoast SEO plugin. -->","yoast_head_json":{"title":"Unsere Produkte | Neos","description":"Die NEOS-Produkte sind bei allen Kosmetika (Hygieneprodukten, feuchtigkeitsspendenden Produkten, Haarpflegeprodukten, Make-up, Parfums, Sonnenschutzmitteln usw.) effizient und bieten eine starke Reinigungskraft f\u00fcr mehr Produktivit\u00e4t.","robots":{"index":"index","follow":"follow","max-snippet":"max-snippet:-1","max-image-preview":"max-image-preview:large","max-video-preview":"max-video-preview:-1"},"canonical":"https:\/\/neos-detergents.com\/de\/unsere-produkte\/","og_locale":"de_DE","og_type":"article","og_title":"Unsere Produkte | Neos","og_description":"Die NEOS-Produkte sind bei allen Kosmetika (Hygieneprodukten, feuchtigkeitsspendenden Produkten, Haarpflegeprodukten, Make-up, Parfums, Sonnenschutzmitteln usw.) effizient und bieten eine starke Reinigungskraft f\u00fcr mehr Produktivit\u00e4t.","og_url":"https:\/\/neos-detergents.com\/de\/unsere-produkte\/","og_site_name":"Neos","article_modified_time":"2025-11-18T09:14:28+00:00","twitter_card":"summary_large_image","schema":{"@context":"https:\/\/schema.org","@graph":[{"@type":"WebPage","@id":"https:\/\/neos-detergents.com\/de\/unsere-produkte\/","url":"https:\/\/neos-detergents.com\/de\/unsere-produkte\/","name":"Unsere Produkte | Neos","isPartOf":{"@id":"https:\/\/neos-detergents.com\/de\/#website"},"datePublished":"2025-08-22T06:53:04+00:00","dateModified":"2025-11-18T09:14:28+00:00","description":"Die NEOS-Produkte sind bei allen Kosmetika (Hygieneprodukten, feuchtigkeitsspendenden Produkten, Haarpflegeprodukten, Make-up, Parfums, Sonnenschutzmitteln usw.) effizient und bieten eine starke Reinigungskraft f\u00fcr mehr Produktivit\u00e4t.","breadcrumb":{"@id":"https:\/\/neos-detergents.com\/de\/unsere-produkte\/#breadcrumb"},"inLanguage":"de","potentialAction":[{"@type":"ReadAction","target":["https:\/\/neos-detergents.com\/de\/unsere-produkte\/"]}]},{"@type":"BreadcrumbList","@id":"https:\/\/neos-detergents.com\/de\/unsere-produkte\/#breadcrumb","itemListElement":[{"@type":"ListItem","position":1,"name":"Neos","item":"https:\/\/neos-detergents.com\/de\/"},{"@type":"ListItem","position":2,"name":"Unsere Produkte"}]},{"@type":"WebSite","@id":"https:\/\/neos-detergents.com\/de\/#website","url":"https:\/\/neos-detergents.com\/de\/","name":"Neos","description":"La performance durable au service de l&#039;industrie cosm\u00e9tique","publisher":{"@id":"https:\/\/neos-detergents.com\/de\/#organization"},"potentialAction":[{"@type":"SearchAction","target":{"@type":"EntryPoint","urlTemplate":"https:\/\/neos-detergents.com\/de\/?s={search_term_string}"},"query-input":{"@type":"PropertyValueSpecification","valueRequired":true,"valueName":"search_term_string"}}],"inLanguage":"de"},{"@type":"Organization","@id":"https:\/\/neos-detergents.com\/de\/#organization","name":"Neos","url":"https:\/\/neos-detergents.com\/de\/","logo":{"@type":"ImageObject","inLanguage":"de","@id":"https:\/\/neos-detergents.com\/de\/#\/schema\/logo\/image\/","url":"https:\/\/neos-detergents.com\/wp-content\/uploads\/2025\/08\/logo.svg","contentUrl":"https:\/\/neos-detergents.com\/wp-content\/uploads\/2025\/08\/logo.svg","width":1,"height":1,"caption":"Neos"},"image":{"@id":"https:\/\/neos-detergents.com\/de\/#\/schema\/logo\/image\/"}}]}},"_links":{"self":[{"href":"https:\/\/neos-detergents.com\/de\/wp-json\/wp\/v2\/pages\/959","targetHints":{"allow":["GET"]}}],"collection":[{"href":"https:\/\/neos-detergents.com\/de\/wp-json\/wp\/v2\/pages"}],"about":[{"href":"https:\/\/neos-detergents.com\/de\/wp-json\/wp\/v2\/types\/page"}],"author":[{"embeddable":true,"href":"https:\/\/neos-detergents.com\/de\/wp-json\/wp\/v2\/users\/1"}],"replies":[{"embeddable":true,"href":"https:\/\/neos-detergents.com\/de\/wp-json\/wp\/v2\/comments?post=959"}],"version-history":[{"count":47,"href":"https:\/\/neos-detergents.com\/de\/wp-json\/wp\/v2\/pages\/959\/revisions"}],"predecessor-version":[{"id":2317,"href":"https:\/\/neos-detergents.com\/de\/wp-json\/wp\/v2\/pages\/959\/revisions\/2317"}],"wp:attachment":[{"href":"https:\/\/neos-detergents.com\/de\/wp-json\/wp\/v2\/media?parent=959"}],"curies":[{"name":"wp","href":"https:\/\/api.w.org\/{rel}","templated":true}]}}