{"id":962,"date":"2025-08-22T08:52:52","date_gmt":"2025-08-22T06:52:52","guid":{"rendered":"https:\/\/neos-detergents.com\/wirksamkeitsnachweise\/"},"modified":"2025-12-19T17:26:59","modified_gmt":"2025-12-19T16:26:59","slug":"wirksamkeitsnachweise","status":"publish","type":"page","link":"https:\/\/neos-detergents.com\/de\/wirksamkeitsnachweise\/","title":{"rendered":"Wirksamkeitsnachweise"},"content":{"rendered":"\n<div class=\"block-banniere\" data-module=\"blockBanniere\">\n    <div class=\"block-banniere__inner\">\n                    <div class=\"block-banniere__breadcrumbs\">\n                <div class=\"breadcrumb-icon\">\n                    <img loading=\"lazy\" decoding=\"async\" \n                        src=\"https:\/\/neos-detergents.com\/wp-content\/themes\/mediapilote\/images\/icons\/breadcrumb.svg\" \n                        alt=\"Brotkrumen-Symbol\"\n                        width=\"14\" \n                        height=\"14\"\n                    \/>\n                <\/div>\n                <nav class=\"breadcrumb-nav\" aria-label=\"Brotkrumen\"><span><span><a href=\"https:\/\/neos-detergents.com\/de\/\">Neos<\/a><\/span><\/span><\/nav>            <\/div>\n        \n                    <div class=\"block-banniere__image-container\">\n                                <img decoding=\"async\" \n                    src=\"https:\/\/neos-detergents.com\/wp-content\/uploads\/2025\/08\/neos-preuves-efficacite.webp\" \n                    alt=\"neos preuves efficacite\"\n                    title=\"neos preuves efficacite\"\n                    class=\"block-banniere__image\"\n                    loading=\"lazy\"\n                \/>\n            <\/div>\n        \n        <div class=\"block-banniere__content\">\n                            <h1 class=\"block-banniere__title\">\n                    Wirksamkeitsnachweise                <\/h1>\n            \n            \n                            <div class=\"block-banniere__description\">\n                    <p style=\"text-align: center\">Immer schon legt Neos gro\u00dfen Wert darauf, die effektive Leistungsf\u00e4higkeit seiner Produkte zu gew\u00e4hrleisten.<\/p>\n<p style=\"text-align: center\">Daher werden alle unsere Reinigungsmittel sorgf\u00e4ltig unter den tats\u00e4chlichen Nutzungsbedingungen gepr\u00fcft, um die Situationen, die Ihnen im Arbeitsalltag begegnen, nachzubilden.<\/p>\n<p>Sie finden so Pr\u00fcfberichte und Bescheinigungen, die die Effizienz unserer Formeln best\u00e4tigen. Diese transparenten Ergebnisse werden durch pr\u00e4zise Protokolle und einen konstanten hohen Anspruch an Qualit\u00e4t und Zuverl\u00e4ssigkeit erzielt.<\/p>\n                <\/div>\n                    <\/div>\n    <\/div>\n<\/div>\n\n\n\n<div class=\"block-repertoire-preuves align80\" id=\"block-repertoire-preuves-block_d08ba88b4f6bda22875d0ad0a0d87c70\">\n\n\n    <div class=\"repertoire-container\">\n        <!-- Colonne Produits -->\n        <div class=\"repertoire-colonne produit-colonne\" id=\"produitColonne\">\n            <div class=\"colonne-content\">\n                <p class=\"loading-message\">Produkte werden geladen&#8230;<\/p>\n            <\/div>\n        <\/div>\n\n        <!-- Colonne Ann\u00e9es -->\n        <div class=\"repertoire-colonne annee-colonne\" id=\"anneeColonne\">\n            <div class=\"colonne-content\">\n                <p class=\"default-message\">W\u00e4hlen Sie ein Produkt<\/p>\n            <\/div>\n        <\/div>\n\n        <!-- Colonne Preuves -->\n        <div class=\"repertoire-colonne preuves-colonne\" id=\"listingColonne\">\n            <div class=\"colonne-content\">\n                <p class=\"default-message\">W\u00e4hlen Sie ein Jahr<\/p>\n            <\/div>\n        <\/div>\n\n        <!-- Colonne Contenu -->\n        <div class=\"repertoire-colonne contenu-colonne\" id=\"contenuColonne\">\n            <div class=\"colonne-content\">\n                <p class=\"default-message\">W\u00e4hlen Sie einen Beweis, um dessen Inhalt zu sehen<\/p>\n            <\/div>\n        <\/div>\n    <\/div>\n\n    <!-- Bouton de t\u00e9l\u00e9chargement (fixe en bas \u00e0 droite) -->\n    <div class=\"download-button-container\" style=\"display: none;\">\n        <div class=\"download-button\">\n            <span class=\"download-text\">Dokument herunterladen<\/span>\n            <img decoding=\"async\" src=\"https:\/\/neos-detergents.com\/wp-content\/themes\/mediapilote\/images\/icons\/download.svg\" alt=\"Herunterladen\" class=\"download-icon\" \/>\n        <\/div>\n    <\/div>\n<\/div>\n\n<script>\n\/\/ Initialisation du bloc R\u00e9pertoire de preuves\ndocument.addEventListener('DOMContentLoaded', function () {\n    const ajaxUrl = window.ajaxurl || '\/wp-admin\/admin-ajax.php';\n    const blockId = 'block_d08ba88b4f6bda22875d0ad0a0d87c70';\n    \n    \/\/ Initialiser le bloc\n    if (typeof initRepertoirePreuves === 'function') {\n        initRepertoirePreuves(ajaxUrl, blockId);\n    }\n});\n<\/script>\n\n<!-- Popup du formulaire de contact -->\n<div id=\"block-repertoire-preuves-popup\" class=\"block-repertoire-preuves-popup\" style=\"display: none;\">\n    <div class=\"block-repertoire-preuves-popup__overlay\"><\/div>\n    <div class=\"block-repertoire-preuves-popup__content\">\n        <button class=\"block-repertoire-preuves-popup__close\" aria-label=\"Popup schlie\u00dfen\">\n            <svg width=\"24\" height=\"24\" viewBox=\"0 0 24 24\" fill=\"none\" xmlns=\"http:\/\/www.w3.org\/2000\/svg\">\n                <path d=\"M18 6L6 18M6 6L18 18\" stroke=\"#1D1D1B\" stroke-width=\"2\" stroke-linecap=\"round\" stroke-linejoin=\"round\"\/>\n            <\/svg>\n        <\/button>\n        <div class=\"block-repertoire-preuves-popup__form\">\n            <h2>Erhalten Sie Ihr Dokument<\/h2>\n            \n<div class=\"wpcf7 no-js\" id=\"wpcf7-f2784-o1\" lang=\"de-DE\" dir=\"ltr\" data-wpcf7-id=\"2784\">\n<div class=\"screen-reader-response\"><p role=\"status\" aria-live=\"polite\" aria-atomic=\"true\"><\/p> <ul><\/ul><\/div>\n<form action=\"\/de\/wp-json\/wp\/v2\/pages\/962#wpcf7-f2784-o1\" method=\"post\" class=\"wpcf7-form init\" aria-label=\"Kontaktformular\" novalidate=\"novalidate\" data-status=\"init\">\n<fieldset class=\"hidden-fields-container\"><input type=\"hidden\" name=\"_wpcf7\" value=\"2784\" \/><input type=\"hidden\" name=\"_wpcf7_version\" value=\"6.1.5\" \/><input type=\"hidden\" name=\"_wpcf7_locale\" value=\"de_DE\" \/><input type=\"hidden\" name=\"_wpcf7_unit_tag\" value=\"wpcf7-f2784-o1\" \/><input type=\"hidden\" name=\"_wpcf7_container_post\" value=\"0\" \/><input type=\"hidden\" name=\"_wpcf7_posted_data_hash\" value=\"\" \/>\n<\/fieldset>\n<input class=\"wpcf7-form-control wpcf7-hidden\" id=\"nom-produit\" value=\"\" type=\"hidden\" name=\"nom-produit\" \/>\n<input class=\"wpcf7-form-control wpcf7-hidden\" id=\"nom-preuve\" value=\"\" type=\"hidden\" name=\"nom-preuve\" \/>\n<input class=\"wpcf7-form-control wpcf7-hidden\" id=\"nom-document\" value=\"\" type=\"hidden\" name=\"nom-document\" \/>\n<div class=\"formulaire_container\">\n\t<div class=\"row d-flex x-y-center\">\n\t\t<div class=\"col-md-6 col-sm-12\">\n\t\t\t<p><label>Nachname <span class=\"wpcf7-form-control-wrap\" data-name=\"your-name\"><input size=\"40\" maxlength=\"400\" class=\"wpcf7-form-control wpcf7-text wpcf7-validates-as-required\" aria-required=\"true\" aria-invalid=\"false\" placeholder=\"Beispiel: Dupont\" value=\"\" type=\"text\" name=\"your-name\" \/><\/span><br \/>\n<\/label>\n\t\t\t<\/p>\n\t\t<\/div>\n\t\t<div class=\"col-md-6 col-sm-12\">\n\t\t\t<p><label>Vorname <span class=\"wpcf7-form-control-wrap\" data-name=\"your-surname\"><input size=\"40\" maxlength=\"400\" class=\"wpcf7-form-control wpcf7-text wpcf7-validates-as-required\" aria-required=\"true\" aria-invalid=\"false\" placeholder=\"Beispiel: Jean\" value=\"\" type=\"text\" name=\"your-surname\" \/><\/span><br \/>\n<\/label>\n\t\t\t<\/p>\n\t\t<\/div>\n\t<\/div>\n\t<div class=\"row d-flex x-y-center\">\n\t\t<div class=\"col-12\">\n\t\t\t<p><label>Unternehmen <span class=\"wpcf7-form-control-wrap\" data-name=\"your-company\"><input size=\"40\" maxlength=\"400\" class=\"wpcf7-form-control wpcf7-text wpcf7-validates-as-required\" aria-required=\"true\" aria-invalid=\"false\" placeholder=\"Beispiel: Symbiose Environnement\" value=\"\" type=\"text\" name=\"your-company\" \/><\/span><br \/>\n<\/label><br \/>\n<label>E-Mail-Adresse <span class=\"wpcf7-form-control-wrap\" data-name=\"your-email\"><input size=\"40\" maxlength=\"400\" class=\"wpcf7-form-control wpcf7-email wpcf7-validates-as-required wpcf7-text wpcf7-validates-as-email\" aria-required=\"true\" aria-invalid=\"false\" placeholder=\"Beispiel: jean.dupont@email.com\" value=\"\" type=\"email\" name=\"your-email\" \/><\/span><br \/>\n<\/label>\n\t\t\t<\/p>\n\t\t<\/div>\n\t<\/div>\n\t<div class=\"row d-flex x-y-center contact-footer\">\n\t\t<div class=\"col-12 your-consent\">\n\t\t\t<p><span class=\"wpcf7-form-control-wrap\" data-name=\"your-consent\"><span class=\"wpcf7-form-control wpcf7-acceptance\"><span class=\"wpcf7-list-item\"><label><input type=\"checkbox\" name=\"your-consent\" value=\"1\" class=\"rgpd\" aria-invalid=\"false\" \/><span class=\"wpcf7-list-item-label\">Wenn Sie dieses K\u00e4stchen ankreuzen, stimmen Sie zu, dass Neos Ihre personenbezogenen Daten nutzen darf, um Ihre Anfrage zu bearbeiten. Sie verf\u00fcgen \u00fcber ein Recht auf Auskunft \u00fcber diese Daten, Berichtigung oder L\u00f6schung dieser Daten. F\u00fcr weitere Informationen <a href=\"http:\/\/dev.neos-ajout-telechargement.mediapilote-laval.fr\/mentions-legales\/\">klicken Sie bitte hier<\/a><\/span><\/label><\/span><\/span><\/span>\n\t\t\t<\/p>\n\t\t<\/div>\n\t\t<div class=\"col-12\">\n\t\t\t<div id=\"formSubmit\" class=\"row\">\n\t\t\t\t<div class=\"col-12\">\n\t\t\t\t\t<p><span class=\"wpcf7-form-control-wrap\" data-name=\"hcap-cf7\">\t\t<input\n\t\t\t\ttype=\"hidden\"\n\t\t\t\tclass=\"hcaptcha-widget-id\"\n\t\t\t\tname=\"hcaptcha-widget-id\"\n\t\t\t\tvalue=\"eyJzb3VyY2UiOlsiY29udGFjdC1mb3JtLTdcL3dwLWNvbnRhY3QtZm9ybS03LnBocCJdLCJmb3JtX2lkIjo4OTR9-1b4fc779149c69ac8608733d0599f3a1\">\n\t\t\t\t<span id=\"hcap_cf7-69e15754322320.32569603\" class=\"wpcf7-form-control h-captcha \"\n\t\t\tdata-sitekey=\"6f3c114c-174a-41d8-946c-c6a4ef7c2ea4\"\n\t\t\tdata-theme=\"light\"\n\t\t\tdata-size=\"normal\"\n\t\t\tdata-auto=\"false\"\n\t\t\tdata-ajax=\"false\"\n\t\t\tdata-force=\"false\">\n\t\t<\/span>\n\t\t<input type=\"hidden\" id=\"_wpnonce\" name=\"_wpnonce\" value=\"91c1e3f42b\" \/><input type=\"hidden\" name=\"_wp_http_referer\" value=\"\/de\/wp-json\/wp\/v2\/pages\/962\" \/><\/span><input class=\"wpcf7-form-control wpcf7-submit has-spinner btn-secondary btn btn-black\" id=\"formSubmit\" type=\"submit\" value=\"Senden\" \/>\n\t\t\t\t\t<\/p>\n\t\t\t\t<\/div>\n\t\t\t<\/div>\n\t\t<\/div>\n\t<\/div>\n<\/div><div class=\"wpcf7-response-output\" aria-hidden=\"true\"><\/div>\n<\/form>\n<\/div>\n        <\/div>\n    <\/div>\n<\/div>\n\n\n\n\n\n<p><\/p>\n","protected":false},"excerpt":{"rendered":"","protected":false},"author":1,"featured_media":0,"parent":0,"menu_order":2,"comment_status":"closed","ping_status":"closed","template":"","meta":{"_acf_changed":false,"footnotes":""},"class_list":["post-962","page","type-page","status-publish","hentry"],"acf":[],"yoast_head":"<!-- This site is optimized with the Yoast SEO plugin v27.3 - https:\/\/yoast.com\/product\/yoast-seo-wordpress\/ -->\n<title>Wirksamkeitsnachweise | Neos<\/title>\n<meta name=\"description\" content=\"Entdecken Sie unsere Wirksamkeitsnachweise, die auf Tests mit Neos-Reinigungsmitteln an verschiedenen Kosmetika basieren.\" \/>\n<meta name=\"robots\" content=\"index, follow, max-snippet:-1, max-image-preview:large, max-video-preview:-1\" \/>\n<link rel=\"canonical\" href=\"https:\/\/neos-detergents.com\/de\/wirksamkeitsnachweise\/\" \/>\n<meta property=\"og:locale\" content=\"de_DE\" \/>\n<meta property=\"og:type\" content=\"article\" \/>\n<meta property=\"og:title\" content=\"Wirksamkeitsnachweise | Neos\" \/>\n<meta property=\"og:description\" content=\"Entdecken Sie unsere Wirksamkeitsnachweise, die auf Tests mit Neos-Reinigungsmitteln an verschiedenen Kosmetika basieren.\" \/>\n<meta property=\"og:url\" content=\"https:\/\/neos-detergents.com\/de\/wirksamkeitsnachweise\/\" \/>\n<meta property=\"og:site_name\" content=\"Neos\" \/>\n<meta property=\"article:modified_time\" content=\"2025-12-19T16:26:59+00:00\" \/>\n<meta name=\"twitter:card\" content=\"summary_large_image\" \/>\n<meta name=\"twitter:label1\" content=\"Gesch\u00e4tzte Lesezeit\" \/>\n\t<meta name=\"twitter:data1\" content=\"2\u00a0Minuten\" \/>\n<script type=\"application\/ld+json\" class=\"yoast-schema-graph\">{\"@context\":\"https:\\\/\\\/schema.org\",\"@graph\":[{\"@type\":\"WebPage\",\"@id\":\"https:\\\/\\\/neos-detergents.com\\\/de\\\/wirksamkeitsnachweise\\\/\",\"url\":\"https:\\\/\\\/neos-detergents.com\\\/de\\\/wirksamkeitsnachweise\\\/\",\"name\":\"Wirksamkeitsnachweise | Neos\",\"isPartOf\":{\"@id\":\"https:\\\/\\\/neos-detergents.com\\\/de\\\/#website\"},\"datePublished\":\"2025-08-22T06:52:52+00:00\",\"dateModified\":\"2025-12-19T16:26:59+00:00\",\"description\":\"Entdecken Sie unsere Wirksamkeitsnachweise, die auf Tests mit Neos-Reinigungsmitteln an verschiedenen Kosmetika basieren.\",\"breadcrumb\":{\"@id\":\"https:\\\/\\\/neos-detergents.com\\\/de\\\/wirksamkeitsnachweise\\\/#breadcrumb\"},\"inLanguage\":\"de\",\"potentialAction\":[{\"@type\":\"ReadAction\",\"target\":[\"https:\\\/\\\/neos-detergents.com\\\/de\\\/wirksamkeitsnachweise\\\/\"]}]},{\"@type\":\"BreadcrumbList\",\"@id\":\"https:\\\/\\\/neos-detergents.com\\\/de\\\/wirksamkeitsnachweise\\\/#breadcrumb\",\"itemListElement\":[{\"@type\":\"ListItem\",\"position\":1,\"name\":\"Neos\",\"item\":\"https:\\\/\\\/neos-detergents.com\\\/de\\\/\"},{\"@type\":\"ListItem\",\"position\":2,\"name\":\"Wirksamkeitsnachweise\"}]},{\"@type\":\"WebSite\",\"@id\":\"https:\\\/\\\/neos-detergents.com\\\/de\\\/#website\",\"url\":\"https:\\\/\\\/neos-detergents.com\\\/de\\\/\",\"name\":\"Neos\",\"description\":\"La performance durable au service de l&#039;industrie cosm\u00e9tique\",\"publisher\":{\"@id\":\"https:\\\/\\\/neos-detergents.com\\\/de\\\/#organization\"},\"potentialAction\":[{\"@type\":\"SearchAction\",\"target\":{\"@type\":\"EntryPoint\",\"urlTemplate\":\"https:\\\/\\\/neos-detergents.com\\\/de\\\/?s={search_term_string}\"},\"query-input\":{\"@type\":\"PropertyValueSpecification\",\"valueRequired\":true,\"valueName\":\"search_term_string\"}}],\"inLanguage\":\"de\"},{\"@type\":\"Organization\",\"@id\":\"https:\\\/\\\/neos-detergents.com\\\/de\\\/#organization\",\"name\":\"Neos\",\"url\":\"https:\\\/\\\/neos-detergents.com\\\/de\\\/\",\"logo\":{\"@type\":\"ImageObject\",\"inLanguage\":\"de\",\"@id\":\"https:\\\/\\\/neos-detergents.com\\\/de\\\/#\\\/schema\\\/logo\\\/image\\\/\",\"url\":\"https:\\\/\\\/neos-detergents.com\\\/wp-content\\\/uploads\\\/2025\\\/08\\\/logo.svg\",\"contentUrl\":\"https:\\\/\\\/neos-detergents.com\\\/wp-content\\\/uploads\\\/2025\\\/08\\\/logo.svg\",\"width\":1,\"height\":1,\"caption\":\"Neos\"},\"image\":{\"@id\":\"https:\\\/\\\/neos-detergents.com\\\/de\\\/#\\\/schema\\\/logo\\\/image\\\/\"}}]}<\/script>\n<!-- \/ Yoast SEO plugin. -->","yoast_head_json":{"title":"Wirksamkeitsnachweise | Neos","description":"Entdecken Sie unsere Wirksamkeitsnachweise, die auf Tests mit Neos-Reinigungsmitteln an verschiedenen Kosmetika basieren.","robots":{"index":"index","follow":"follow","max-snippet":"max-snippet:-1","max-image-preview":"max-image-preview:large","max-video-preview":"max-video-preview:-1"},"canonical":"https:\/\/neos-detergents.com\/de\/wirksamkeitsnachweise\/","og_locale":"de_DE","og_type":"article","og_title":"Wirksamkeitsnachweise | Neos","og_description":"Entdecken Sie unsere Wirksamkeitsnachweise, die auf Tests mit Neos-Reinigungsmitteln an verschiedenen Kosmetika basieren.","og_url":"https:\/\/neos-detergents.com\/de\/wirksamkeitsnachweise\/","og_site_name":"Neos","article_modified_time":"2025-12-19T16:26:59+00:00","twitter_card":"summary_large_image","twitter_misc":{"Gesch\u00e4tzte Lesezeit":"2\u00a0Minuten"},"schema":{"@context":"https:\/\/schema.org","@graph":[{"@type":"WebPage","@id":"https:\/\/neos-detergents.com\/de\/wirksamkeitsnachweise\/","url":"https:\/\/neos-detergents.com\/de\/wirksamkeitsnachweise\/","name":"Wirksamkeitsnachweise | Neos","isPartOf":{"@id":"https:\/\/neos-detergents.com\/de\/#website"},"datePublished":"2025-08-22T06:52:52+00:00","dateModified":"2025-12-19T16:26:59+00:00","description":"Entdecken Sie unsere Wirksamkeitsnachweise, die auf Tests mit Neos-Reinigungsmitteln an verschiedenen Kosmetika basieren.","breadcrumb":{"@id":"https:\/\/neos-detergents.com\/de\/wirksamkeitsnachweise\/#breadcrumb"},"inLanguage":"de","potentialAction":[{"@type":"ReadAction","target":["https:\/\/neos-detergents.com\/de\/wirksamkeitsnachweise\/"]}]},{"@type":"BreadcrumbList","@id":"https:\/\/neos-detergents.com\/de\/wirksamkeitsnachweise\/#breadcrumb","itemListElement":[{"@type":"ListItem","position":1,"name":"Neos","item":"https:\/\/neos-detergents.com\/de\/"},{"@type":"ListItem","position":2,"name":"Wirksamkeitsnachweise"}]},{"@type":"WebSite","@id":"https:\/\/neos-detergents.com\/de\/#website","url":"https:\/\/neos-detergents.com\/de\/","name":"Neos","description":"La performance durable au service de l&#039;industrie cosm\u00e9tique","publisher":{"@id":"https:\/\/neos-detergents.com\/de\/#organization"},"potentialAction":[{"@type":"SearchAction","target":{"@type":"EntryPoint","urlTemplate":"https:\/\/neos-detergents.com\/de\/?s={search_term_string}"},"query-input":{"@type":"PropertyValueSpecification","valueRequired":true,"valueName":"search_term_string"}}],"inLanguage":"de"},{"@type":"Organization","@id":"https:\/\/neos-detergents.com\/de\/#organization","name":"Neos","url":"https:\/\/neos-detergents.com\/de\/","logo":{"@type":"ImageObject","inLanguage":"de","@id":"https:\/\/neos-detergents.com\/de\/#\/schema\/logo\/image\/","url":"https:\/\/neos-detergents.com\/wp-content\/uploads\/2025\/08\/logo.svg","contentUrl":"https:\/\/neos-detergents.com\/wp-content\/uploads\/2025\/08\/logo.svg","width":1,"height":1,"caption":"Neos"},"image":{"@id":"https:\/\/neos-detergents.com\/de\/#\/schema\/logo\/image\/"}}]}},"_links":{"self":[{"href":"https:\/\/neos-detergents.com\/de\/wp-json\/wp\/v2\/pages\/962","targetHints":{"allow":["GET"]}}],"collection":[{"href":"https:\/\/neos-detergents.com\/de\/wp-json\/wp\/v2\/pages"}],"about":[{"href":"https:\/\/neos-detergents.com\/de\/wp-json\/wp\/v2\/types\/page"}],"author":[{"embeddable":true,"href":"https:\/\/neos-detergents.com\/de\/wp-json\/wp\/v2\/users\/1"}],"replies":[{"embeddable":true,"href":"https:\/\/neos-detergents.com\/de\/wp-json\/wp\/v2\/comments?post=962"}],"version-history":[{"count":45,"href":"https:\/\/neos-detergents.com\/de\/wp-json\/wp\/v2\/pages\/962\/revisions"}],"predecessor-version":[{"id":2526,"href":"https:\/\/neos-detergents.com\/de\/wp-json\/wp\/v2\/pages\/962\/revisions\/2526"}],"wp:attachment":[{"href":"https:\/\/neos-detergents.com\/de\/wp-json\/wp\/v2\/media?parent=962"}],"curies":[{"name":"wp","href":"https:\/\/api.w.org\/{rel}","templated":true}]}}