{"id":967,"date":"2025-08-22T08:52:39","date_gmt":"2025-08-22T06:52:39","guid":{"rendered":"https:\/\/neos-detergents.com\/unser-prueflabor\/"},"modified":"2025-11-18T14:31:16","modified_gmt":"2025-11-18T13:31:16","slug":"unser-pruflabor","status":"publish","type":"page","link":"https:\/\/neos-detergents.com\/de\/unser-pruflabor\/","title":{"rendered":"Unser Pr\u00fcflabor"},"content":{"rendered":"\n<div class=\"block-banniere\" data-module=\"blockBanniere\">\n    <div class=\"block-banniere__inner\">\n                    <div class=\"block-banniere__breadcrumbs\">\n                <div class=\"breadcrumb-icon\">\n                    <img loading=\"lazy\" decoding=\"async\" \n                        src=\"https:\/\/neos-detergents.com\/wp-content\/themes\/mediapilote\/images\/icons\/breadcrumb.svg\" \n                        alt=\"Brotkrumen-Symbol\"\n                        width=\"14\" \n                        height=\"14\"\n                    \/>\n                <\/div>\n                <nav class=\"breadcrumb-nav\" aria-label=\"Brotkrumen\"><span><span><a href=\"https:\/\/neos-detergents.com\/de\/\">Neos<\/a><\/span><\/span><\/nav>            <\/div>\n        \n                    <div class=\"block-banniere__image-container\">\n                                <img decoding=\"async\" \n                    src=\"https:\/\/neos-detergents.com\/wp-content\/uploads\/2025\/08\/neos-laboratoire-de-test.webp\" \n                    alt=\"neos laboratoire de test\"\n                    title=\"neos laboratoire de test\"\n                    class=\"block-banniere__image\"\n                    loading=\"lazy\"\n                \/>\n            <\/div>\n        \n        <div class=\"block-banniere__content\">\n                            <h1 class=\"block-banniere__title\">\n                    Unser <br>Pr\u00fcflabor                <\/h1>\n            \n            \n                            <div class=\"block-banniere__description\">\n                    <p style=\"text-align: center\">ESPERIDE, das seit \u00fcber 30 Jahren im franz\u00f6sischen D\u00e9partement Indre ans\u00e4ssig ist, ist ein innovatives und engagiertes Unternehmen, das im Bereich der umweltfreundlichen Chemie eine Vorreiterrolle einnimmt.<\/p>\n<p>Wir sind auf die Formulierung und Herstellung industrieller Reinigungsmittel f\u00fcr verschiedene Bereiche spezialisiert und entwickeln hochleistungsf\u00e4hige L\u00f6sungen, die auf erneuerbaren pflanzlichen Ressourcen basieren.<\/p>\n<p>Dank unserer Abteilung f\u00fcr Forschung und Entwicklung und unserem umfassend ausgestatteten Labor verf\u00fcgt unser Team \u00fcber die ben\u00f6tigte Expertise und die ben\u00f6tigten Mittel, um leistungsf\u00e4hige L\u00f6sungen f\u00fcr die Bed\u00fcrfnisse unserer Kundschaft zu entwickeln.<\/p>\n<p>Unsere Expertise zeigt sich insbesondere durch unsere Produktpalette biobasierter NEOS-Detergenzien, die f\u00fcr die spezifischen Anforderungen der Kosmetikbranche konzipiert wurden, die nach L\u00f6sungen suchte, die sicherer, nachhaltiger und umweltfreundlicher sind.<\/p>\n                <\/div>\n                    <\/div>\n    <\/div>\n<\/div>\n\n<div class=\"block-citation\">\n    <div class=\"block-citation__container container\">\n        <div class=\"block-citation__content text-center\">\n            \n            <!-- Guillemet d'ouverture -->\n            <div class=\"block-citation__quote block-citation__quote--opening\">\n                <img loading=\"lazy\" decoding=\"async\" src=\"https:\/\/neos-detergents.com\/wp-content\/themes\/mediapilote\/images\/icons\/quote-opening.svg\" alt=\"Guillemet d'ouverture\" width=\"30\" height=\"25\">\n            <\/div>\n            \n            <!-- Texte de la citation -->\n            <blockquote class=\"block-citation__text lead\">\n                Wenn Sie sich f\u00fcr ESPERIDE entscheiden, gewinnen Sie einen <span>fachkundigen Partner f\u00fcr umweltschonende Reinigungsprodukte<\/span> f\u00fcr die Branchenbed\u00fcrfnisse von heute und morgen.            <\/blockquote>\n            \n            <!-- Guillemet de fermeture -->\n            <div class=\"block-citation__quote block-citation__quote--closing\" >\n                <img loading=\"lazy\" decoding=\"async\" src=\"https:\/\/neos-detergents.com\/wp-content\/themes\/mediapilote\/images\/icons\/quote-closing.svg\" alt=\"Guillemet de fermeture\" width=\"30\" height=\"25\">\n            <\/div>\n            \n        <\/div>\n    <\/div>\n<\/div>\n<section class=\"blockImageTexte bg-gray \">\n  <div class=\"container-fluid\">\n    <div class=\"row align-items-center\">\n            <div class=\"col-image col-lg-6 order-2 \">\n        <figure class=\"blockImageTexte__image \">\n          <img decoding=\"async\" src=\"https:\/\/neos-detergents.com\/wp-content\/uploads\/2025\/08\/neos-essai-laboratoire.webp\" alt=\"\" title=\"neos essai laboratoire\" class=\"img-fluid\" \/>\n        <\/figure>\n      <\/div>\n            <div class=\"col-text col-lg-6 order-1\">\n        <div class=\"blockImageTexte__content\">\n                      <div class=\"blockImageTexte__cartouche cartouche\">\n              <span>Mission Nr. 1<\/span>\n            <\/div>\n                                <h2 class=\"blockImageTexte__title\">Entwicklung effizienter und umweltfreundlicher L\u00f6sungen<\/h2>\n                                <p class=\"blockImageTexte__shortdesc\">F\u00fcr ein anspruchsvolles Umfeld, das auf seine Auswirkung bedacht ist<\/p>\n                                <div class=\"blockImageTexte__longdesc\">\n              <p>Mithilfe seiner Abteilung f\u00fcr Forschung und Entwicklung konzipiert Esperide speziell f\u00fcr die Bed\u00fcrfnisse seiner Kundschaft Reinigungsl\u00f6sungen, die auf Pflanzenchemie basieren. Das Unternehmen setzt auf Formeln, die auf erneuerbaren Rohstoffen basieren (Speisest\u00e4rke, Pflanzen\u00f6le, Zucker usw.), um leistungsstarke und umweltschonende Produkte anzubieten, die zudem sparsamer in der Dosierung sind und zu weniger Abfall f\u00fchren.<\/p>\n            <\/div>\n                            <\/div>\n      <\/div>\n    <\/div>\n  <\/div>\n<\/section>\n\n<section id=\"block_a2cf5fc6bc897d92ca05c3c9ede4f839\" class=\"block-liste\">\n    <div class=\"block-liste__container\">\n                    <h2 class=\"block-liste__title\">Warum unser Labor?<\/h2>\n                \n                    <div class=\"block-liste__items\">\n                                    <div class=\"block-liste__item\">\n                                                    <div class=\"block-liste__item-image\">\n                                <img decoding=\"async\" src=\"https:\/\/neos-detergents.com\/wp-content\/uploads\/2025\/08\/neos-30-ans-experience.webp\" \n                                              alt=\"Mehr als 30 Jahre Erfahrung\" \n                                              class=\"block-liste__item-img\">                            <\/div>\n                                                \n                        <div class=\"block-liste__item-content\">\n                                                            <h3 class=\"block-liste__item-title\">Mehr als 30 Jahre Erfahrung<\/h3>\n                                                        \n                                                            <div class=\"block-liste__item-description\">\n                                    ESPERIDE mit seiner durch mehrere Jahrzehnte Erfahrung gewonnenen Expertise st\u00fctzt sich auf seine Abteilung f\u00fcr Forschung und Entwicklung, um Reinigungsl\u00f6sungen zu entwickeln, die sowohl leistungsstark als auch umweltschonend sind, passend zu den Bed\u00fcrfnissen verschiedener industrieller Sektoren.                                <\/div>\n                                                    <\/div>\n                    <\/div>\n                                    <div class=\"block-liste__item\">\n                                                    <div class=\"block-liste__item-image\">\n                                <img decoding=\"async\" src=\"https:\/\/neos-detergents.com\/wp-content\/uploads\/2025\/08\/neos-garantie-qualite.png\" \n                                              alt=\"Ihr Garant f\u00fcr Qualit\u00e4t in jeder Phase\" \n                                              class=\"block-liste__item-img\">                            <\/div>\n                                                \n                        <div class=\"block-liste__item-content\">\n                                                            <h3 class=\"block-liste__item-title\">Ihr Garant f\u00fcr Qualit\u00e4t in jeder Phase<\/h3>\n                                                        \n                                                            <div class=\"block-liste__item-description\">\n                                    Mit einer Zertifizierung nach ISO 9001 gew\u00e4hrleistet ESPERIDE eine gr\u00fcndliche und kundenorientierte Organisation. Diese internationale Norm bescheinigt unsere F\u00e4higkeit, unsere Verfahren zu beherrschen, unsere betriebliche Effizienz fortw\u00e4hrend zu verbessern und hochwertige Produkte und Dienstleistungen zu garantieren. Dies stellt vor allem auch ein dauerhaftes Engagement f\u00fcr Zufriedenheit und Leistung dar.                                <\/div>\n                                                    <\/div>\n                    <\/div>\n                            <\/div>\n            <\/div>\n<\/section>\n<section class=\"blockImageTexte bg-white \">\n  <div class=\"container-fluid\">\n    <div class=\"row align-items-center\">\n            <div class=\"col-image col-lg-6 order-1 \">\n        <figure class=\"blockImageTexte__image \">\n          <img decoding=\"async\" src=\"https:\/\/neos-detergents.com\/wp-content\/uploads\/2025\/08\/neos-biotechnology.webp\" alt=\"\" title=\"Neos - Promouvoir les principes de la chimie verte\" class=\"img-fluid\" \/>\n        <\/figure>\n      <\/div>\n            <div class=\"col-text col-lg-6 order-2\">\n        <div class=\"blockImageTexte__content\">\n                      <div class=\"blockImageTexte__cartouche cartouche\">\n              <span>Mission Nr. 2<\/span>\n            <\/div>\n                                <h2 class=\"blockImageTexte__title\">F\u00f6rderung der Grunds\u00e4tze der umweltfreundlichen Chemie<\/h2>\n                                <p class=\"blockImageTexte__shortdesc\">f\u00fcr die Sicherheit der Anwendenden und der Umwelt.<\/p>\n                                <div class=\"blockImageTexte__longdesc\">\n              <p>Esperide folgt dem Konzept der umweltfreundlichen Chemie: ersetzen von giftigen petrochemischen L\u00f6sungsmitteln (giftig, entflammbar, eingestuft als karzinogen, mutagen oder reproduktionstoxisch (CMR)) durch sicherere w\u00e4ssrige oder biobasierte Formulierungen. Es entwickelt biobasierte Reinigungsmittelformulierungen, die Effizienz und Gesundheit kombinieren und f\u00fcr den Kosmetiksektor geeignet sind, da sie eine h\u00f6here Sicherheit f\u00fcr Anwendende und die Umwelt bieten.<\/p>\n            <\/div>\n                            <\/div>\n      <\/div>\n    <\/div>\n  <\/div>\n<\/section>\n","protected":false},"excerpt":{"rendered":"","protected":false},"author":1,"featured_media":0,"parent":0,"menu_order":3,"comment_status":"closed","ping_status":"closed","template":"","meta":{"_acf_changed":false,"footnotes":""},"class_list":["post-967","page","type-page","status-publish","hentry"],"acf":[],"yoast_head":"<!-- This site is optimized with the Yoast SEO plugin v27.3 - https:\/\/yoast.com\/product\/yoast-seo-wordpress\/ -->\n<title>Unser Pr\u00fcflabor | Neos<\/title>\n<meta name=\"description\" content=\"Wenn Sie sich f\u00fcr ESPERIDE entscheiden, gewinnen Sie einen fachkundigen Partner f\u00fcr umweltschonende Reinigungsprodukte f\u00fcr die Branchenbed\u00fcrfnisse von heute und morgen.\" \/>\n<meta name=\"robots\" content=\"index, follow, max-snippet:-1, max-image-preview:large, max-video-preview:-1\" \/>\n<link rel=\"canonical\" href=\"https:\/\/neos-detergents.com\/de\/unser-pruflabor\/\" \/>\n<meta property=\"og:locale\" content=\"de_DE\" \/>\n<meta property=\"og:type\" content=\"article\" \/>\n<meta property=\"og:title\" content=\"Unser Pr\u00fcflabor | Neos\" \/>\n<meta property=\"og:description\" content=\"Wenn Sie sich f\u00fcr ESPERIDE entscheiden, gewinnen Sie einen fachkundigen Partner f\u00fcr umweltschonende Reinigungsprodukte f\u00fcr die Branchenbed\u00fcrfnisse von heute und morgen.\" \/>\n<meta property=\"og:url\" content=\"https:\/\/neos-detergents.com\/de\/unser-pruflabor\/\" \/>\n<meta property=\"og:site_name\" content=\"Neos\" \/>\n<meta property=\"article:modified_time\" content=\"2025-11-18T13:31:16+00:00\" \/>\n<meta name=\"twitter:card\" content=\"summary_large_image\" \/>\n<script type=\"application\/ld+json\" class=\"yoast-schema-graph\">{\"@context\":\"https:\\\/\\\/schema.org\",\"@graph\":[{\"@type\":\"WebPage\",\"@id\":\"https:\\\/\\\/neos-detergents.com\\\/de\\\/unser-pruflabor\\\/\",\"url\":\"https:\\\/\\\/neos-detergents.com\\\/de\\\/unser-pruflabor\\\/\",\"name\":\"Unser Pr\u00fcflabor | Neos\",\"isPartOf\":{\"@id\":\"https:\\\/\\\/neos-detergents.com\\\/de\\\/#website\"},\"datePublished\":\"2025-08-22T06:52:39+00:00\",\"dateModified\":\"2025-11-18T13:31:16+00:00\",\"description\":\"Wenn Sie sich f\u00fcr ESPERIDE entscheiden, gewinnen Sie einen fachkundigen Partner f\u00fcr umweltschonende Reinigungsprodukte f\u00fcr die Branchenbed\u00fcrfnisse von heute und morgen.\",\"breadcrumb\":{\"@id\":\"https:\\\/\\\/neos-detergents.com\\\/de\\\/unser-pruflabor\\\/#breadcrumb\"},\"inLanguage\":\"de\",\"potentialAction\":[{\"@type\":\"ReadAction\",\"target\":[\"https:\\\/\\\/neos-detergents.com\\\/de\\\/unser-pruflabor\\\/\"]}]},{\"@type\":\"BreadcrumbList\",\"@id\":\"https:\\\/\\\/neos-detergents.com\\\/de\\\/unser-pruflabor\\\/#breadcrumb\",\"itemListElement\":[{\"@type\":\"ListItem\",\"position\":1,\"name\":\"Neos\",\"item\":\"https:\\\/\\\/neos-detergents.com\\\/de\\\/\"},{\"@type\":\"ListItem\",\"position\":2,\"name\":\"Unser Pr\u00fcflabor\"}]},{\"@type\":\"WebSite\",\"@id\":\"https:\\\/\\\/neos-detergents.com\\\/de\\\/#website\",\"url\":\"https:\\\/\\\/neos-detergents.com\\\/de\\\/\",\"name\":\"Neos\",\"description\":\"La performance durable au service de l&#039;industrie cosm\u00e9tique\",\"publisher\":{\"@id\":\"https:\\\/\\\/neos-detergents.com\\\/de\\\/#organization\"},\"potentialAction\":[{\"@type\":\"SearchAction\",\"target\":{\"@type\":\"EntryPoint\",\"urlTemplate\":\"https:\\\/\\\/neos-detergents.com\\\/de\\\/?s={search_term_string}\"},\"query-input\":{\"@type\":\"PropertyValueSpecification\",\"valueRequired\":true,\"valueName\":\"search_term_string\"}}],\"inLanguage\":\"de\"},{\"@type\":\"Organization\",\"@id\":\"https:\\\/\\\/neos-detergents.com\\\/de\\\/#organization\",\"name\":\"Neos\",\"url\":\"https:\\\/\\\/neos-detergents.com\\\/de\\\/\",\"logo\":{\"@type\":\"ImageObject\",\"inLanguage\":\"de\",\"@id\":\"https:\\\/\\\/neos-detergents.com\\\/de\\\/#\\\/schema\\\/logo\\\/image\\\/\",\"url\":\"https:\\\/\\\/neos-detergents.com\\\/wp-content\\\/uploads\\\/2025\\\/08\\\/logo.svg\",\"contentUrl\":\"https:\\\/\\\/neos-detergents.com\\\/wp-content\\\/uploads\\\/2025\\\/08\\\/logo.svg\",\"width\":1,\"height\":1,\"caption\":\"Neos\"},\"image\":{\"@id\":\"https:\\\/\\\/neos-detergents.com\\\/de\\\/#\\\/schema\\\/logo\\\/image\\\/\"}}]}<\/script>\n<!-- \/ Yoast SEO plugin. -->","yoast_head_json":{"title":"Unser Pr\u00fcflabor | Neos","description":"Wenn Sie sich f\u00fcr ESPERIDE entscheiden, gewinnen Sie einen fachkundigen Partner f\u00fcr umweltschonende Reinigungsprodukte f\u00fcr die Branchenbed\u00fcrfnisse von heute und morgen.","robots":{"index":"index","follow":"follow","max-snippet":"max-snippet:-1","max-image-preview":"max-image-preview:large","max-video-preview":"max-video-preview:-1"},"canonical":"https:\/\/neos-detergents.com\/de\/unser-pruflabor\/","og_locale":"de_DE","og_type":"article","og_title":"Unser Pr\u00fcflabor | Neos","og_description":"Wenn Sie sich f\u00fcr ESPERIDE entscheiden, gewinnen Sie einen fachkundigen Partner f\u00fcr umweltschonende Reinigungsprodukte f\u00fcr die Branchenbed\u00fcrfnisse von heute und morgen.","og_url":"https:\/\/neos-detergents.com\/de\/unser-pruflabor\/","og_site_name":"Neos","article_modified_time":"2025-11-18T13:31:16+00:00","twitter_card":"summary_large_image","schema":{"@context":"https:\/\/schema.org","@graph":[{"@type":"WebPage","@id":"https:\/\/neos-detergents.com\/de\/unser-pruflabor\/","url":"https:\/\/neos-detergents.com\/de\/unser-pruflabor\/","name":"Unser Pr\u00fcflabor | Neos","isPartOf":{"@id":"https:\/\/neos-detergents.com\/de\/#website"},"datePublished":"2025-08-22T06:52:39+00:00","dateModified":"2025-11-18T13:31:16+00:00","description":"Wenn Sie sich f\u00fcr ESPERIDE entscheiden, gewinnen Sie einen fachkundigen Partner f\u00fcr umweltschonende Reinigungsprodukte f\u00fcr die Branchenbed\u00fcrfnisse von heute und morgen.","breadcrumb":{"@id":"https:\/\/neos-detergents.com\/de\/unser-pruflabor\/#breadcrumb"},"inLanguage":"de","potentialAction":[{"@type":"ReadAction","target":["https:\/\/neos-detergents.com\/de\/unser-pruflabor\/"]}]},{"@type":"BreadcrumbList","@id":"https:\/\/neos-detergents.com\/de\/unser-pruflabor\/#breadcrumb","itemListElement":[{"@type":"ListItem","position":1,"name":"Neos","item":"https:\/\/neos-detergents.com\/de\/"},{"@type":"ListItem","position":2,"name":"Unser Pr\u00fcflabor"}]},{"@type":"WebSite","@id":"https:\/\/neos-detergents.com\/de\/#website","url":"https:\/\/neos-detergents.com\/de\/","name":"Neos","description":"La performance durable au service de l&#039;industrie cosm\u00e9tique","publisher":{"@id":"https:\/\/neos-detergents.com\/de\/#organization"},"potentialAction":[{"@type":"SearchAction","target":{"@type":"EntryPoint","urlTemplate":"https:\/\/neos-detergents.com\/de\/?s={search_term_string}"},"query-input":{"@type":"PropertyValueSpecification","valueRequired":true,"valueName":"search_term_string"}}],"inLanguage":"de"},{"@type":"Organization","@id":"https:\/\/neos-detergents.com\/de\/#organization","name":"Neos","url":"https:\/\/neos-detergents.com\/de\/","logo":{"@type":"ImageObject","inLanguage":"de","@id":"https:\/\/neos-detergents.com\/de\/#\/schema\/logo\/image\/","url":"https:\/\/neos-detergents.com\/wp-content\/uploads\/2025\/08\/logo.svg","contentUrl":"https:\/\/neos-detergents.com\/wp-content\/uploads\/2025\/08\/logo.svg","width":1,"height":1,"caption":"Neos"},"image":{"@id":"https:\/\/neos-detergents.com\/de\/#\/schema\/logo\/image\/"}}]}},"_links":{"self":[{"href":"https:\/\/neos-detergents.com\/de\/wp-json\/wp\/v2\/pages\/967","targetHints":{"allow":["GET"]}}],"collection":[{"href":"https:\/\/neos-detergents.com\/de\/wp-json\/wp\/v2\/pages"}],"about":[{"href":"https:\/\/neos-detergents.com\/de\/wp-json\/wp\/v2\/types\/page"}],"author":[{"embeddable":true,"href":"https:\/\/neos-detergents.com\/de\/wp-json\/wp\/v2\/users\/1"}],"replies":[{"embeddable":true,"href":"https:\/\/neos-detergents.com\/de\/wp-json\/wp\/v2\/comments?post=967"}],"version-history":[{"count":47,"href":"https:\/\/neos-detergents.com\/de\/wp-json\/wp\/v2\/pages\/967\/revisions"}],"predecessor-version":[{"id":2325,"href":"https:\/\/neos-detergents.com\/de\/wp-json\/wp\/v2\/pages\/967\/revisions\/2325"}],"wp:attachment":[{"href":"https:\/\/neos-detergents.com\/de\/wp-json\/wp\/v2\/media?parent=967"}],"curies":[{"name":"wp","href":"https:\/\/api.w.org\/{rel}","templated":true}]}}