{"id":970,"date":"2025-08-22T08:52:25","date_gmt":"2025-08-22T06:52:25","guid":{"rendered":"https:\/\/neos-detergents.com\/neuigkeiten\/"},"modified":"2025-11-18T17:52:29","modified_gmt":"2025-11-18T16:52:29","slug":"blog","status":"publish","type":"page","link":"https:\/\/neos-detergents.com\/de\/blog\/","title":{"rendered":"Neuigkeiten"},"content":{"rendered":"\n<div class=\"block-banniere\" data-module=\"blockBanniere\">\n    <div class=\"block-banniere__inner\">\n                    <div class=\"block-banniere__breadcrumbs\">\n                <div class=\"breadcrumb-icon\">\n                    <img loading=\"lazy\" decoding=\"async\" \n                        src=\"https:\/\/neos-detergents.com\/wp-content\/themes\/mediapilote\/images\/icons\/breadcrumb.svg\" \n                        alt=\"Brotkrumen-Symbol\"\n                        width=\"14\" \n                        height=\"14\"\n                    \/>\n                <\/div>\n                <nav class=\"breadcrumb-nav\" aria-label=\"Brotkrumen\"><span><span><a href=\"https:\/\/neos-detergents.com\/de\/\">Neos<\/a><\/span><\/span><\/nav>            <\/div>\n        \n                    <div class=\"block-banniere__image-container\">\n                                <img decoding=\"async\" \n                    src=\"https:\/\/neos-detergents.com\/wp-content\/uploads\/2025\/08\/neos-actualites.webp\" \n                    alt=\"Neos - D\u00e9couvrez toute notre actualit\u00e9\"\n                    title=\"Neos - D\u00e9couvrez toute notre actualit\u00e9\"\n                    class=\"block-banniere__image\"\n                    loading=\"lazy\"\n                \/>\n            <\/div>\n        \n        <div class=\"block-banniere__content\">\n                            <h1 class=\"block-banniere__title\">\n                    Entdecken Sie alle unsere Neuigkeiten                <\/h1>\n            \n            \n                            <div class=\"block-banniere__description\">\n                    <p style=\"text-align: center\">Bleiben Sie \u00fcber alle aktuellen Informationen zur Marke NEOS auf dem Laufenden: Produktneuheiten, Benutzungshinweise, Vorschriften, nachhaltige Innovationen usw.<\/p>\n                <\/div>\n                    <\/div>\n    <\/div>\n<\/div>\n\n<div class=\"bloc-affichage-actualites\" data-page=\"1\">\n            <!-- Filtres par cat\u00e9gorie -->\n        <div class=\"filtres-categories\">\n                                                                        <button class=\"filtre-btn\" data-categorie=\"nicht-kategorisiert\" data-categorie-name=\"Nicht kategorisiert\">\n                            Nicht kategorisiert                        <\/button>\n                                                                                <button class=\"filtre-btn\" data-categorie=\"produkte-und-innovationen\" data-categorie-name=\"Produkte und Innovationen\">\n                            Produkte und Innovationen                        <\/button>\n                                                                                <button class=\"filtre-btn\" data-categorie=\"techniken-und-bewahrte-praktiken\" data-categorie-name=\"Techniken und bew\u00e4hrte Praktiken\">\n                            Techniken und bew\u00e4hrte Praktiken                        <\/button>\n                                                                                <button class=\"filtre-btn\" data-categorie=\"veranstaltungen\" data-categorie-name=\"Veranstaltungen\">\n                            Veranstaltungen                        <\/button>\n                                                            <button class=\"filtre-btn active\" data-categorie=\"all\">\n                Alle anzeigen            <\/button>\n        <\/div>\n        \n\n        \n    <!-- Grille des actualit\u00e9s -->\n    <div class=\"grille-actualites\" id=\"grille-actualites\">\n                        <article class=\"actualite-item no-etiquette\" data-post-id=\"2496\">\n        <a href=\"https:\/\/neos-detergents.com\/de\/blog\/auswahl-eines-reinigungsmittels-fur-die-herstellung-von-bio-kosmetika\/\" class=\"actualite-link-wrapper\">\n            <div class=\"actualite-content\">\n                <div class=\"actualite-header\">\n                    <div class=\"actualite-info\">\n                                                <h2 class=\"actualite-titre\">\n                            Auswahl eines Reinigungsmittels f\u00fcr die Herstellung von Bio-Kosmetika                        <\/h2>\n                    <\/div>\n                <\/div>\n\n                <div class=\"actualite-excerpt\">\n                    Die Auswahl eines Reinigungsmittels f\u00fcr die Herstellung von Bio-Kosmetika ist eine entscheidende Herausforderung. Wir kl\u00e4ren Sie \u00fcber die wichtigsten zu ber\u00fccksichtigenden Punkte auf.                <\/div>\n\n                <div class=\"actualite-lien\">\n                    <span class=\"lire-suite\">\n                        Mehr lesen                                        <div class=\"fleche-container\">\n                                            <div class=\"fleche-wrapper\">\n                                                <svg class=\"fleche-icone fleche-1\" width=\"20\" height=\"10\" viewBox=\"0 0 20 10\" fill=\"none\">\n                                                    <path d=\"M0 5H18M18 5L13 0M18 5L13 10\" stroke=\"currentColor\" stroke-width=\"2\"\/>\n                                                <\/svg>\n                                                <svg class=\"fleche-icone fleche-2\" width=\"20\" height=\"10\" viewBox=\"0 0 20 10\" fill=\"none\">\n                                                    <path d=\"M0 5H18M18 5L13 0M18 5L13 10\" stroke=\"currentColor\" stroke-width=\"2\"\/>\n                                                <\/svg>\n                                            <\/div>\n                                        <\/div>\n                    <\/span>\n                <\/div>\n            <\/div>\n        <\/a>\n    <\/article>\n        <article class=\"actualite-item no-etiquette\" data-post-id=\"2506\">\n        <a href=\"https:\/\/neos-detergents.com\/de\/blog\/neos-active-der-neue-booster-fur-eine-verstarkte-reinigungsleistung\/\" class=\"actualite-link-wrapper\">\n            <div class=\"actualite-content\">\n                <div class=\"actualite-header\">\n                    <div class=\"actualite-info\">\n                                                <h2 class=\"actualite-titre\">\n                            Neos Active: der neue Booster f\u00fcr eine verst\u00e4rkte Reinigungsleistung                        <\/h2>\n                    <\/div>\n                <\/div>\n\n                <div class=\"actualite-excerpt\">\n                    Entdecken Sie unseren neuen biobasierten Booster aus der Neos-Produktreihe \u2013 ein leistungsstarkes, umweltfreundliches Reinigungsadditiv, das speziell zur Optimierung von Reinigungsprozessen in der kosmetischen Industrie entwickelt wurde.                <\/div>\n\n                <div class=\"actualite-lien\">\n                    <span class=\"lire-suite\">\n                        Mehr lesen                                        <div class=\"fleche-container\">\n                                            <div class=\"fleche-wrapper\">\n                                                <svg class=\"fleche-icone fleche-1\" width=\"20\" height=\"10\" viewBox=\"0 0 20 10\" fill=\"none\">\n                                                    <path d=\"M0 5H18M18 5L13 0M18 5L13 10\" stroke=\"currentColor\" stroke-width=\"2\"\/>\n                                                <\/svg>\n                                                <svg class=\"fleche-icone fleche-2\" width=\"20\" height=\"10\" viewBox=\"0 0 20 10\" fill=\"none\">\n                                                    <path d=\"M0 5H18M18 5L13 0M18 5L13 10\" stroke=\"currentColor\" stroke-width=\"2\"\/>\n                                                <\/svg>\n                                            <\/div>\n                                        <\/div>\n                    <\/span>\n                <\/div>\n            <\/div>\n        <\/a>\n    <\/article>\n        <article class=\"actualite-item\" data-post-id=\"1018\">\n        <a href=\"https:\/\/neos-detergents.com\/de\/blog\/treffen-sie-neos-auf-der-messe-cosmetic-360\/\" class=\"actualite-link-wrapper\">\n            <div class=\"actualite-content\">\n                <div class=\"actualite-header\">\n                    <div class=\"actualite-info\">\n                                                    <div class=\"etiquette-badge\">\n                                Veranstaltungen                            <\/div>\n                                                <h2 class=\"actualite-titre\">\n                            Treffen Sie Neos auf der Messe COSMETIC 360                        <\/h2>\n                    <\/div>\n                <\/div>\n\n                <div class=\"actualite-excerpt\">\n                    Treffen Sie uns auf der 11. Ausgabe der Messe COSMETIC 360 im Carrousel du Louvre, am 15. und 16. Oktober 2025. Bei unserer zweiten Messeteilnahme werden wir an der Seite&#8230;                <\/div>\n\n                <div class=\"actualite-lien\">\n                    <span class=\"lire-suite\">\n                        Mehr lesen                                        <div class=\"fleche-container\">\n                                            <div class=\"fleche-wrapper\">\n                                                <svg class=\"fleche-icone fleche-1\" width=\"20\" height=\"10\" viewBox=\"0 0 20 10\" fill=\"none\">\n                                                    <path d=\"M0 5H18M18 5L13 0M18 5L13 10\" stroke=\"currentColor\" stroke-width=\"2\"\/>\n                                                <\/svg>\n                                                <svg class=\"fleche-icone fleche-2\" width=\"20\" height=\"10\" viewBox=\"0 0 20 10\" fill=\"none\">\n                                                    <path d=\"M0 5H18M18 5L13 0M18 5L13 10\" stroke=\"currentColor\" stroke-width=\"2\"\/>\n                                                <\/svg>\n                                            <\/div>\n                                        <\/div>\n                    <\/span>\n                <\/div>\n            <\/div>\n        <\/a>\n    <\/article>\n        <article class=\"actualite-item\" data-post-id=\"1020\">\n        <a href=\"https:\/\/neos-detergents.com\/de\/blog\/entdecken-sie-die-effizienz-der-neos-reinigungsmittel-im-video\/\" class=\"actualite-link-wrapper\">\n            <div class=\"actualite-content\">\n                <div class=\"actualite-header\">\n                    <div class=\"actualite-info\">\n                                                    <div class=\"etiquette-badge\">\n                                Video                            <\/div>\n                                                <h2 class=\"actualite-titre\">\n                            Die Wirksamkeit der Neos-Reinigungsmittel im Video                        <\/h2>\n                    <\/div>\n                <\/div>\n\n                <div class=\"actualite-excerpt\">\n                    Erhalten Sie mithilfe unserer Demovideos einen tiefen Einblick in die Effizienz der Esperide-Produkte. Reinigung, Desinfektion und Leistungen unter Realbedingungen: Entdecken Sie, wie unsere zertifizierten L\u00f6sungen professionelle Anspr\u00fcche erf\u00fcllen.                <\/div>\n\n                <div class=\"actualite-lien\">\n                    <span class=\"lire-suite\">\n                        Mehr lesen                                        <div class=\"fleche-container\">\n                                            <div class=\"fleche-wrapper\">\n                                                <svg class=\"fleche-icone fleche-1\" width=\"20\" height=\"10\" viewBox=\"0 0 20 10\" fill=\"none\">\n                                                    <path d=\"M0 5H18M18 5L13 0M18 5L13 10\" stroke=\"currentColor\" stroke-width=\"2\"\/>\n                                                <\/svg>\n                                                <svg class=\"fleche-icone fleche-2\" width=\"20\" height=\"10\" viewBox=\"0 0 20 10\" fill=\"none\">\n                                                    <path d=\"M0 5H18M18 5L13 0M18 5L13 10\" stroke=\"currentColor\" stroke-width=\"2\"\/>\n                                                <\/svg>\n                                            <\/div>\n                                        <\/div>\n                    <\/span>\n                <\/div>\n            <\/div>\n        <\/a>\n    <\/article>\n        <article class=\"actualite-item\" data-post-id=\"1022\">\n        <a href=\"https:\/\/neos-detergents.com\/de\/blog\/webinar-zu-reinigung-und-bio-kosmetik\/\" class=\"actualite-link-wrapper\">\n            <div class=\"actualite-content\">\n                <div class=\"actualite-header\">\n                    <div class=\"actualite-info\">\n                                                    <div class=\"etiquette-badge\">\n                                Webinar                            <\/div>\n                                                <h2 class=\"actualite-titre\">\n                            Webinar zu Reinigung und Bio-Kosmetik                        <\/h2>\n                    <\/div>\n                <\/div>\n\n                <div class=\"actualite-excerpt\">\n                    Aufzeichnung des Webinars zu den Herausforderungen der Reinigung in der Bio-Kosmetik: Zertifizierungen, nachhaltige L\u00f6sungen und konkrete Feedbacks.                <\/div>\n\n                <div class=\"actualite-lien\">\n                    <span class=\"lire-suite\">\n                        Mehr lesen                                        <div class=\"fleche-container\">\n                                            <div class=\"fleche-wrapper\">\n                                                <svg class=\"fleche-icone fleche-1\" width=\"20\" height=\"10\" viewBox=\"0 0 20 10\" fill=\"none\">\n                                                    <path d=\"M0 5H18M18 5L13 0M18 5L13 10\" stroke=\"currentColor\" stroke-width=\"2\"\/>\n                                                <\/svg>\n                                                <svg class=\"fleche-icone fleche-2\" width=\"20\" height=\"10\" viewBox=\"0 0 20 10\" fill=\"none\">\n                                                    <path d=\"M0 5H18M18 5L13 0M18 5L13 10\" stroke=\"currentColor\" stroke-width=\"2\"\/>\n                                                <\/svg>\n                                            <\/div>\n                                        <\/div>\n                    <\/span>\n                <\/div>\n            <\/div>\n        <\/a>\n    <\/article>\n                <\/div>\n    \n    <!-- Message d'erreur en dehors de la grille -->\n        \n            <!-- Indicateur de chargement -->\n        <div class=\"chargement-indicateur\" style=\"display: none;\">\n            <div class=\"spinner\"><\/div>\n            <p>L\u00e4dt&#8230;<\/p>\n        <\/div>\n    <\/div>\n","protected":false},"excerpt":{"rendered":"","protected":false},"author":1,"featured_media":0,"parent":0,"menu_order":4,"comment_status":"closed","ping_status":"closed","template":"","meta":{"_acf_changed":false,"footnotes":""},"class_list":["post-970","page","type-page","status-publish","hentry"],"acf":[],"yoast_head":"<!-- This site is optimized with the Yoast SEO plugin v27.3 - https:\/\/yoast.com\/product\/yoast-seo-wordpress\/ -->\n<title>Neuigkeiten | Neos<\/title>\n<meta name=\"description\" content=\"Bleiben Sie \u00fcber alle aktuellen Informationen zur Marke NEOS auf dem Laufenden: Produktneuheiten, Benutzungshinweise, Vorschriften, nachhaltige Innovationen usw.\" \/>\n<meta name=\"robots\" content=\"index, follow, max-snippet:-1, max-image-preview:large, max-video-preview:-1\" \/>\n<link rel=\"canonical\" href=\"https:\/\/neos-detergents.com\/de\/blog\/\" \/>\n<meta property=\"og:locale\" content=\"de_DE\" \/>\n<meta property=\"og:type\" content=\"article\" \/>\n<meta property=\"og:title\" content=\"Neuigkeiten | Neos\" \/>\n<meta property=\"og:description\" content=\"Bleiben Sie \u00fcber alle aktuellen Informationen zur Marke NEOS auf dem Laufenden: Produktneuheiten, Benutzungshinweise, Vorschriften, nachhaltige Innovationen usw.\" \/>\n<meta property=\"og:url\" content=\"https:\/\/neos-detergents.com\/de\/blog\/\" \/>\n<meta property=\"og:site_name\" content=\"Neos\" \/>\n<meta property=\"article:modified_time\" content=\"2025-11-18T16:52:29+00:00\" \/>\n<meta name=\"twitter:card\" content=\"summary_large_image\" \/>\n<meta name=\"twitter:label1\" content=\"Gesch\u00e4tzte Lesezeit\" \/>\n\t<meta name=\"twitter:data1\" content=\"1\u00a0Minute\" \/>\n<script type=\"application\/ld+json\" class=\"yoast-schema-graph\">{\"@context\":\"https:\\\/\\\/schema.org\",\"@graph\":[{\"@type\":\"WebPage\",\"@id\":\"https:\\\/\\\/neos-detergents.com\\\/de\\\/blog\\\/\",\"url\":\"https:\\\/\\\/neos-detergents.com\\\/de\\\/blog\\\/\",\"name\":\"Neuigkeiten | Neos\",\"isPartOf\":{\"@id\":\"https:\\\/\\\/neos-detergents.com\\\/de\\\/#website\"},\"datePublished\":\"2025-08-22T06:52:25+00:00\",\"dateModified\":\"2025-11-18T16:52:29+00:00\",\"description\":\"Bleiben Sie \u00fcber alle aktuellen Informationen zur Marke NEOS auf dem Laufenden: Produktneuheiten, Benutzungshinweise, Vorschriften, nachhaltige Innovationen usw.\",\"breadcrumb\":{\"@id\":\"https:\\\/\\\/neos-detergents.com\\\/de\\\/blog\\\/#breadcrumb\"},\"inLanguage\":\"de\",\"potentialAction\":[{\"@type\":\"ReadAction\",\"target\":[\"https:\\\/\\\/neos-detergents.com\\\/de\\\/blog\\\/\"]}]},{\"@type\":\"BreadcrumbList\",\"@id\":\"https:\\\/\\\/neos-detergents.com\\\/de\\\/blog\\\/#breadcrumb\",\"itemListElement\":[{\"@type\":\"ListItem\",\"position\":1,\"name\":\"Neos\",\"item\":\"https:\\\/\\\/neos-detergents.com\\\/de\\\/\"},{\"@type\":\"ListItem\",\"position\":2,\"name\":\"Neuigkeiten\"}]},{\"@type\":\"WebSite\",\"@id\":\"https:\\\/\\\/neos-detergents.com\\\/de\\\/#website\",\"url\":\"https:\\\/\\\/neos-detergents.com\\\/de\\\/\",\"name\":\"Neos\",\"description\":\"La performance durable au service de l&#039;industrie cosm\u00e9tique\",\"publisher\":{\"@id\":\"https:\\\/\\\/neos-detergents.com\\\/de\\\/#organization\"},\"potentialAction\":[{\"@type\":\"SearchAction\",\"target\":{\"@type\":\"EntryPoint\",\"urlTemplate\":\"https:\\\/\\\/neos-detergents.com\\\/de\\\/?s={search_term_string}\"},\"query-input\":{\"@type\":\"PropertyValueSpecification\",\"valueRequired\":true,\"valueName\":\"search_term_string\"}}],\"inLanguage\":\"de\"},{\"@type\":\"Organization\",\"@id\":\"https:\\\/\\\/neos-detergents.com\\\/de\\\/#organization\",\"name\":\"Neos\",\"url\":\"https:\\\/\\\/neos-detergents.com\\\/de\\\/\",\"logo\":{\"@type\":\"ImageObject\",\"inLanguage\":\"de\",\"@id\":\"https:\\\/\\\/neos-detergents.com\\\/de\\\/#\\\/schema\\\/logo\\\/image\\\/\",\"url\":\"https:\\\/\\\/neos-detergents.com\\\/wp-content\\\/uploads\\\/2025\\\/08\\\/logo.svg\",\"contentUrl\":\"https:\\\/\\\/neos-detergents.com\\\/wp-content\\\/uploads\\\/2025\\\/08\\\/logo.svg\",\"width\":1,\"height\":1,\"caption\":\"Neos\"},\"image\":{\"@id\":\"https:\\\/\\\/neos-detergents.com\\\/de\\\/#\\\/schema\\\/logo\\\/image\\\/\"}}]}<\/script>\n<!-- \/ Yoast SEO plugin. -->","yoast_head_json":{"title":"Neuigkeiten | Neos","description":"Bleiben Sie \u00fcber alle aktuellen Informationen zur Marke NEOS auf dem Laufenden: Produktneuheiten, Benutzungshinweise, Vorschriften, nachhaltige Innovationen usw.","robots":{"index":"index","follow":"follow","max-snippet":"max-snippet:-1","max-image-preview":"max-image-preview:large","max-video-preview":"max-video-preview:-1"},"canonical":"https:\/\/neos-detergents.com\/de\/blog\/","og_locale":"de_DE","og_type":"article","og_title":"Neuigkeiten | Neos","og_description":"Bleiben Sie \u00fcber alle aktuellen Informationen zur Marke NEOS auf dem Laufenden: Produktneuheiten, Benutzungshinweise, Vorschriften, nachhaltige Innovationen usw.","og_url":"https:\/\/neos-detergents.com\/de\/blog\/","og_site_name":"Neos","article_modified_time":"2025-11-18T16:52:29+00:00","twitter_card":"summary_large_image","twitter_misc":{"Gesch\u00e4tzte Lesezeit":"1\u00a0Minute"},"schema":{"@context":"https:\/\/schema.org","@graph":[{"@type":"WebPage","@id":"https:\/\/neos-detergents.com\/de\/blog\/","url":"https:\/\/neos-detergents.com\/de\/blog\/","name":"Neuigkeiten | Neos","isPartOf":{"@id":"https:\/\/neos-detergents.com\/de\/#website"},"datePublished":"2025-08-22T06:52:25+00:00","dateModified":"2025-11-18T16:52:29+00:00","description":"Bleiben Sie \u00fcber alle aktuellen Informationen zur Marke NEOS auf dem Laufenden: Produktneuheiten, Benutzungshinweise, Vorschriften, nachhaltige Innovationen usw.","breadcrumb":{"@id":"https:\/\/neos-detergents.com\/de\/blog\/#breadcrumb"},"inLanguage":"de","potentialAction":[{"@type":"ReadAction","target":["https:\/\/neos-detergents.com\/de\/blog\/"]}]},{"@type":"BreadcrumbList","@id":"https:\/\/neos-detergents.com\/de\/blog\/#breadcrumb","itemListElement":[{"@type":"ListItem","position":1,"name":"Neos","item":"https:\/\/neos-detergents.com\/de\/"},{"@type":"ListItem","position":2,"name":"Neuigkeiten"}]},{"@type":"WebSite","@id":"https:\/\/neos-detergents.com\/de\/#website","url":"https:\/\/neos-detergents.com\/de\/","name":"Neos","description":"La performance durable au service de l&#039;industrie cosm\u00e9tique","publisher":{"@id":"https:\/\/neos-detergents.com\/de\/#organization"},"potentialAction":[{"@type":"SearchAction","target":{"@type":"EntryPoint","urlTemplate":"https:\/\/neos-detergents.com\/de\/?s={search_term_string}"},"query-input":{"@type":"PropertyValueSpecification","valueRequired":true,"valueName":"search_term_string"}}],"inLanguage":"de"},{"@type":"Organization","@id":"https:\/\/neos-detergents.com\/de\/#organization","name":"Neos","url":"https:\/\/neos-detergents.com\/de\/","logo":{"@type":"ImageObject","inLanguage":"de","@id":"https:\/\/neos-detergents.com\/de\/#\/schema\/logo\/image\/","url":"https:\/\/neos-detergents.com\/wp-content\/uploads\/2025\/08\/logo.svg","contentUrl":"https:\/\/neos-detergents.com\/wp-content\/uploads\/2025\/08\/logo.svg","width":1,"height":1,"caption":"Neos"},"image":{"@id":"https:\/\/neos-detergents.com\/de\/#\/schema\/logo\/image\/"}}]}},"_links":{"self":[{"href":"https:\/\/neos-detergents.com\/de\/wp-json\/wp\/v2\/pages\/970","targetHints":{"allow":["GET"]}}],"collection":[{"href":"https:\/\/neos-detergents.com\/de\/wp-json\/wp\/v2\/pages"}],"about":[{"href":"https:\/\/neos-detergents.com\/de\/wp-json\/wp\/v2\/types\/page"}],"author":[{"embeddable":true,"href":"https:\/\/neos-detergents.com\/de\/wp-json\/wp\/v2\/users\/1"}],"replies":[{"embeddable":true,"href":"https:\/\/neos-detergents.com\/de\/wp-json\/wp\/v2\/comments?post=970"}],"version-history":[{"count":45,"href":"https:\/\/neos-detergents.com\/de\/wp-json\/wp\/v2\/pages\/970\/revisions"}],"predecessor-version":[{"id":2329,"href":"https:\/\/neos-detergents.com\/de\/wp-json\/wp\/v2\/pages\/970\/revisions\/2329"}],"wp:attachment":[{"href":"https:\/\/neos-detergents.com\/de\/wp-json\/wp\/v2\/media?parent=970"}],"curies":[{"name":"wp","href":"https:\/\/api.w.org\/{rel}","templated":true}]}}