{"id":979,"date":"2025-08-21T17:13:40","date_gmt":"2025-08-21T15:13:40","guid":{"rendered":"https:\/\/neos-detergents.com\/cookie-richtlinie\/"},"modified":"2025-11-18T10:15:37","modified_gmt":"2025-11-18T09:15:37","slug":"cookie-richtlinie","status":"publish","type":"page","link":"https:\/\/neos-detergents.com\/de\/cookie-richtlinie\/","title":{"rendered":"Cookie-Richtlinie"},"content":{"rendered":"\n<div class=\"wp-block-group is-layout-constrained wp-block-group-is-layout-constrained\" style=\"padding-top:var(--wp--preset--spacing--50);padding-bottom:var(--wp--preset--spacing--50)\">\n\n<h1 class=\"wp-block-heading has-text-align-center\">Cookie-Richtlinie<\/h1>\n\n\n\n<p class=\"has-text-align-center\" style=\"font-style:italic;font-weight:300\">Letzte Aktualisierung: <?php echo date('d\/m\/Y'); ???><\/p>\n\n\n\n<div style=\"height:40px\" aria-hidden=\"true\" class=\"wp-block-spacer\"><\/div>\n\n\n\n<h2 class=\"wp-block-heading\">Was ist ein Cookie?<\/h2>\n\n\n\n<p>Ein Cookie ist eine kleine Textdatei, die auf Ihrem Computer oder Mobilger\u00e4t gespeichert wird, wenn Sie eine Website besuchen. Mithilfe der Cookies kann die Website Ihre Handlungen und Pr\u00e4ferenzen (Benutzerkennung, Sprache, Buchstabengr\u00f6\u00dfe und sonstige Anzeigeeinstellungen) f\u00fcr eine bestimmte Zeitdauer speichern.<\/p>\n\n\n\n<h2 class=\"wp-block-heading\">Wie verwenden wir die Cookies?<\/h2>\n\n\n\n<p>Unsere Website nutzt Cookies f\u00fcr folgende Zwecke:<\/p>\n\n\n\n<ul class=\"wp-block-list\">\n<li>Um die gute Funktion der Website sicherzustellen<\/li>\n<li>Um Ihre Pr\u00e4ferenzen beim Websitebesuch zu speichern<\/li>\n<li>Um den Traffic zu analysieren und unsere Dienste zu verbessern<\/li>\n<li>Um den Inhalt entsprechend Ihren Interessen zu personalisieren<\/li>\n<li>Um f\u00fcr die Sicherheit Ihrer Sitzung zu sorgen<\/li>\n<\/ul>\n\n\n\n<h2 class=\"wp-block-heading\">Art der verwendeten Cookies<\/h2>\n\n\n\n<h3 class=\"wp-block-heading\">Technische Cookies (notwendig)<\/h3>\n\n\n\n<p>Diese Cookies sind f\u00fcr die Funktion der Website unerl\u00e4sslich. Sie erm\u00f6glichen die Navigation auf der Website und die Verwendung der Grundfunktionen.<\/p>\n\n\n\n<ul class=\"wp-block-list\">\n<li><strong>PHPSESSID<\/strong>: Sitzungs-ID, um Ihre Benutzersitzung aufrechtzuerhalten<\/li>\n<li><strong>wordpress_logged_in_*<\/strong>: Verwaltung der Authentifizierung<\/li>\n<li><strong>wp-settings-*<\/strong>: WordPress-Benutzerpr\u00e4ferenzen<\/li>\n<\/ul>\n\n\n\n<h3 class=\"wp-block-heading\">Leistungscookies<\/h3>\n\n\n\n<p>Diese Cookies helfen uns zu verstehen, wie die Besucher mit unserer Website interagieren, indem sie auf anonyme Weise Informationen sammeln.<\/p>\n\n\n\n<ul class=\"wp-block-list\">\n<li><strong>Google Analytics<\/strong>: Analyse des Traffics und des Verhaltens der Benutzer<\/li>\n<li><strong>Matomo<\/strong>: Besuchsstatistiken (falls anwendbar)<\/li>\n<\/ul>\n\n\n\n<h3 class=\"wp-block-heading\">Funktionalit\u00e4tscookies<\/h3>\n\n\n\n<p>Diese Cookies erm\u00f6glichen der Website, die von Ihnen gew\u00e4hlten Auswahlm\u00f6glichkeiten zu speichern und personalisierte Funktionen zu bieten.<\/p>\n\n\n\n<ul class=\"wp-block-list\">\n<li><strong>Sprache<\/strong> : Speicherung Ihrer bevorzugten Sprache<\/li>\n<li><strong>Anzeigepr\u00e4ferenzen<\/strong>: Schriftgr\u00f6\u00dfe, Layout<\/li>\n<li><strong>Formulare<\/strong>: Tempor\u00e4re Speicherung der eingegebenen Daten<\/li>\n<\/ul>\n\n\n\n<h2 class=\"wp-block-heading\">Cookies von Drittanbietern<\/h2>\n\n\n\n<p>Unsere Website kann die Dienste Dritter in Anspruch nehmen, die ihre eigenen Cookies setzen:<\/p>\n\n\n\n<ul class=\"wp-block-list\">\n<li><strong>Google Maps<\/strong>: Anzeige von Karten und Standorten<\/li>\n<li><strong>YouTube<\/strong>: Videointegration<\/li>\n<li><strong>Soziale Netzwerke<\/strong>: Social Media Buttons zum Teilen (Facebook, Twitter, LinkedIn)<\/li>\n<li><strong>Google Fonts<\/strong>: Schriftart<\/li>\n<\/ul>\n\n\n\n<h2 class=\"wp-block-heading\">Dauer der Speicherung<\/h2>\n\n\n\n<p>Die Dauer der Speicherung der Cookies variiert je nach ihrer Art:<\/p>\n\n\n\n<ul class=\"wp-block-list\">\n<li><strong>Sitzungscookies<\/strong>: Gel\u00f6scht beim Schlie\u00dfen des Browsers<\/li>\n<li><strong>Dauerhafte Cookies<\/strong>: Bleiben zwischen 1 Monat und maximal 2 Jahren gespeichert<\/li>\n<li><strong>Cookies von Drittanbietern<\/strong>: Gem\u00e4\u00df der Richtlinie des jeweiligen Dienstes<\/li>\n<\/ul>\n\n\n\n<h2 class=\"wp-block-heading\">Cookieverwaltung<\/h2>\n\n\n\n<p>Sie k\u00f6nnen die Cookies je nach Ihren W\u00fcnschen verwalten und\/oder l\u00f6schen. Sie k\u00f6nnen alle bereits in Ihrem Computer vorhandenen Cookies l\u00f6schen und bei den meisten Browsern Einstellungen vornehmen, damit keine Cookies gespeichert werden.<\/p>\n\n\n\n<h3 class=\"wp-block-heading\">Einstellungen Ihres Browsers<\/h3>\n\n\n\n<p>Die meisten Browser erm\u00f6glichen Ihnen Folgendes:<\/p>\n\n\n\n<ul class=\"wp-block-list\">\n<li>Sehen, welche Cookies gespeichert sind<\/li>\n<li>Einzelne Cookies l\u00f6schen<\/li>\n<li>Alle Cookies l\u00f6schen<\/li>\n<li>Die Cookies von Drittwebsites blockieren<\/li>\n<li>Alle Cookies blockieren<\/li>\n<li>Beim Schlie\u00dfen des Browsers alle Cookies l\u00f6schen<\/li>\n<\/ul>\n\n\n\n<h3 class=\"wp-block-heading\">N\u00fctzliche Links<\/h3>\n\n\n\n<ul class=\"wp-block-list\">\n<li><a href=\"https:\/\/support.google.com\/chrome\/answer\/95647\" target=\"_blank\" rel=\"noopener\">Chrome<\/a><\/li>\n<li><a href=\"https:\/\/support.mozilla.org\/fr\/kb\/activer-desactiver-cookies\" target=\"_blank\" rel=\"noopener\">Firefox<\/a><\/li>\n<li><a href=\"https:\/\/support.apple.com\/fr-fr\/guide\/safari\/sfri11471\/mac\" target=\"_blank\" rel=\"noopener\">Safari<\/a><\/li>\n<li><a href=\"https:\/\/support.microsoft.com\/fr-fr\/help\/17442\/windows-internet-explorer-delete-manage-cookies\" target=\"_blank\" rel=\"noopener\">Internet Explorer<\/a><\/li>\n<li><a href=\"https:\/\/support.microsoft.com\/fr-fr\/help\/4027947\/microsoft-edge-delete-cookies\" target=\"_blank\" rel=\"noopener\">Edge<\/a><\/li>\n<\/ul>\n\n\n\n<h2 class=\"wp-block-heading\">Folgen des Deaktivierens<\/h2>\n\n\n\n<p>Wenn Sie sich daf\u00fcr entscheiden, die Cookies zu deaktivieren, werden bestimmte Funktionen unserer Website m\u00f6glicherweise nicht richtig funktionieren:<\/p>\n\n\n\n<ul class=\"wp-block-list\">\n<li>Anmeldung zu Ihrem Konto nicht m\u00f6glich<\/li>\n<li>Pers\u00f6nliche Pr\u00e4ferenzen gehen verloren<\/li>\n<li>Eingeschr\u00e4nkte Funktionen der Website<\/li>\n<li>Verschlechterte Benutzererfahrung<\/li>\n<\/ul>\n\n\n\n<h2 class=\"wp-block-heading\">Aktualisierung dieser Richtlinie<\/h2>\n\n\n\n<p>Wir behalten uns das Recht vor, diese Cookie-Richtlinie jederzeit zu \u00e4ndern. Jede \u00c4nderung wird auf dieser Webseite mit einem neuen Aktualisierungsdatum ver\u00f6ffentlicht. Konsultieren Sie am besten regelm\u00e4\u00dfig diese Webseite, um \u00fcber unsere Verwendung von Cookies informiert zu bleiben.<\/p>\n\n\n\n<h2 class=\"wp-block-heading\">Kontakt<\/h2>\n\n\n\n<p>Wenn Sie Fragen zu unserer Cookie-Richtlinie haben, k\u00f6nnen Sie uns gerne kontaktieren unter:<\/p>\n\n\n\n<ul class=\"wp-block-list\">\n<li><strong>E-Mail-Adresse<\/strong>: support-laval@mediapilote.com<\/li>\n<li><strong>Telefonnummer<\/strong>: +33 9 72 57 82 82<\/li>\n<li><strong>Adresse<\/strong>: Centre d&#8217;affaires TIVOLI, 53810 CHANGE, FRANKREICH<\/li>\n<\/ul>\n\n\n\n<div style=\"height:40px\" aria-hidden=\"true\" class=\"wp-block-spacer\"><\/div>\n\n\n\n<hr class=\"wp-block-separator has-alpha-channel-opacity\" style=\"margin-top:var(--wp--preset--spacing--40);margin-bottom:var(--wp--preset--spacing--40)\"\/>\n\n\n\n<p class=\"has-text-align-center\" style=\"font-size:14px\">\u00a9 <?php echo date('Y'); ???> Mediapilote \u2013 Alle Rechte vorbehalten.<\/p>\n\n<\/div>\n","protected":false},"excerpt":{"rendered":"<p>Cookie-Richtlinie Letzte Aktualisierung: Was ist ein Cookie? Ein Cookie ist eine kleine Textdatei, die auf Ihrem Computer oder Mobilger\u00e4t gespeichert wird, wenn Sie eine Website besuchen. Mithilfe der Cookies kann die Website Ihre Handlungen und Pr\u00e4ferenzen (Benutzerkennung, Sprache, Buchstabengr\u00f6\u00dfe und sonstige Anzeigeeinstellungen) f\u00fcr eine bestimmte Zeitdauer speichern. Wie verwenden wir die Cookies? Unsere Website nutzt [&hellip;]<\/p>\n","protected":false},"author":1,"featured_media":0,"parent":0,"menu_order":8,"comment_status":"closed","ping_status":"closed","template":"","meta":{"_acf_changed":false,"footnotes":""},"class_list":["post-979","page","type-page","status-publish","hentry"],"acf":[],"yoast_head":"<!-- This site is optimized with the Yoast SEO plugin v27.4 - https:\/\/yoast.com\/product\/yoast-seo-wordpress\/ -->\n<title>Cookie-Richtlinie | Neos<\/title>\n<meta name=\"robots\" content=\"index, follow, max-snippet:-1, max-image-preview:large, max-video-preview:-1\" \/>\n<link rel=\"canonical\" href=\"https:\/\/neos-detergents.com\/de\/cookie-richtlinie\/\" \/>\n<meta property=\"og:locale\" content=\"de_DE\" \/>\n<meta property=\"og:type\" content=\"article\" \/>\n<meta property=\"og:title\" content=\"Cookie-Richtlinie | Neos\" \/>\n<meta property=\"og:description\" content=\"Cookie-Richtlinie Letzte Aktualisierung: Was ist ein Cookie? Ein Cookie ist eine kleine Textdatei, die auf Ihrem Computer oder Mobilger\u00e4t gespeichert wird, wenn Sie eine Website besuchen. Mithilfe der Cookies kann die Website Ihre Handlungen und Pr\u00e4ferenzen (Benutzerkennung, Sprache, Buchstabengr\u00f6\u00dfe und sonstige Anzeigeeinstellungen) f\u00fcr eine bestimmte Zeitdauer speichern. Wie verwenden wir die Cookies? Unsere Website nutzt [&hellip;]\" \/>\n<meta property=\"og:url\" content=\"https:\/\/neos-detergents.com\/de\/cookie-richtlinie\/\" \/>\n<meta property=\"og:site_name\" content=\"Neos\" \/>\n<meta property=\"article:modified_time\" content=\"2025-11-18T09:15:37+00:00\" \/>\n<meta name=\"twitter:card\" content=\"summary_large_image\" \/>\n<meta name=\"twitter:label1\" content=\"Gesch\u00e4tzte Lesezeit\" \/>\n\t<meta name=\"twitter:data1\" content=\"3\u00a0Minuten\" \/>\n<script type=\"application\/ld+json\" class=\"yoast-schema-graph\">{\"@context\":\"https:\\\/\\\/schema.org\",\"@graph\":[{\"@type\":\"WebPage\",\"@id\":\"https:\\\/\\\/neos-detergents.com\\\/de\\\/cookie-richtlinie\\\/\",\"url\":\"https:\\\/\\\/neos-detergents.com\\\/de\\\/cookie-richtlinie\\\/\",\"name\":\"Cookie-Richtlinie | Neos\",\"isPartOf\":{\"@id\":\"https:\\\/\\\/neos-detergents.com\\\/de\\\/#website\"},\"datePublished\":\"2025-08-21T15:13:40+00:00\",\"dateModified\":\"2025-11-18T09:15:37+00:00\",\"breadcrumb\":{\"@id\":\"https:\\\/\\\/neos-detergents.com\\\/de\\\/cookie-richtlinie\\\/#breadcrumb\"},\"inLanguage\":\"de\",\"potentialAction\":[{\"@type\":\"ReadAction\",\"target\":[\"https:\\\/\\\/neos-detergents.com\\\/de\\\/cookie-richtlinie\\\/\"]}]},{\"@type\":\"BreadcrumbList\",\"@id\":\"https:\\\/\\\/neos-detergents.com\\\/de\\\/cookie-richtlinie\\\/#breadcrumb\",\"itemListElement\":[{\"@type\":\"ListItem\",\"position\":1,\"name\":\"Neos\",\"item\":\"https:\\\/\\\/neos-detergents.com\\\/de\\\/\"},{\"@type\":\"ListItem\",\"position\":2,\"name\":\"Cookie-Richtlinie\"}]},{\"@type\":\"WebSite\",\"@id\":\"https:\\\/\\\/neos-detergents.com\\\/de\\\/#website\",\"url\":\"https:\\\/\\\/neos-detergents.com\\\/de\\\/\",\"name\":\"Neos\",\"description\":\"La performance durable au service de l&#039;industrie cosm\u00e9tique\",\"publisher\":{\"@id\":\"https:\\\/\\\/neos-detergents.com\\\/de\\\/#organization\"},\"potentialAction\":[{\"@type\":\"SearchAction\",\"target\":{\"@type\":\"EntryPoint\",\"urlTemplate\":\"https:\\\/\\\/neos-detergents.com\\\/de\\\/?s={search_term_string}\"},\"query-input\":{\"@type\":\"PropertyValueSpecification\",\"valueRequired\":true,\"valueName\":\"search_term_string\"}}],\"inLanguage\":\"de\"},{\"@type\":\"Organization\",\"@id\":\"https:\\\/\\\/neos-detergents.com\\\/de\\\/#organization\",\"name\":\"Neos\",\"url\":\"https:\\\/\\\/neos-detergents.com\\\/de\\\/\",\"logo\":{\"@type\":\"ImageObject\",\"inLanguage\":\"de\",\"@id\":\"https:\\\/\\\/neos-detergents.com\\\/de\\\/#\\\/schema\\\/logo\\\/image\\\/\",\"url\":\"https:\\\/\\\/neos-detergents.com\\\/wp-content\\\/uploads\\\/2025\\\/08\\\/logo.svg\",\"contentUrl\":\"https:\\\/\\\/neos-detergents.com\\\/wp-content\\\/uploads\\\/2025\\\/08\\\/logo.svg\",\"width\":1,\"height\":1,\"caption\":\"Neos\"},\"image\":{\"@id\":\"https:\\\/\\\/neos-detergents.com\\\/de\\\/#\\\/schema\\\/logo\\\/image\\\/\"}}]}<\/script>\n<!-- \/ Yoast SEO plugin. -->","yoast_head_json":{"title":"Cookie-Richtlinie | Neos","robots":{"index":"index","follow":"follow","max-snippet":"max-snippet:-1","max-image-preview":"max-image-preview:large","max-video-preview":"max-video-preview:-1"},"canonical":"https:\/\/neos-detergents.com\/de\/cookie-richtlinie\/","og_locale":"de_DE","og_type":"article","og_title":"Cookie-Richtlinie | Neos","og_description":"Cookie-Richtlinie Letzte Aktualisierung: Was ist ein Cookie? Ein Cookie ist eine kleine Textdatei, die auf Ihrem Computer oder Mobilger\u00e4t gespeichert wird, wenn Sie eine Website besuchen. Mithilfe der Cookies kann die Website Ihre Handlungen und Pr\u00e4ferenzen (Benutzerkennung, Sprache, Buchstabengr\u00f6\u00dfe und sonstige Anzeigeeinstellungen) f\u00fcr eine bestimmte Zeitdauer speichern. Wie verwenden wir die Cookies? Unsere Website nutzt [&hellip;]","og_url":"https:\/\/neos-detergents.com\/de\/cookie-richtlinie\/","og_site_name":"Neos","article_modified_time":"2025-11-18T09:15:37+00:00","twitter_card":"summary_large_image","twitter_misc":{"Gesch\u00e4tzte Lesezeit":"3\u00a0Minuten"},"schema":{"@context":"https:\/\/schema.org","@graph":[{"@type":"WebPage","@id":"https:\/\/neos-detergents.com\/de\/cookie-richtlinie\/","url":"https:\/\/neos-detergents.com\/de\/cookie-richtlinie\/","name":"Cookie-Richtlinie | Neos","isPartOf":{"@id":"https:\/\/neos-detergents.com\/de\/#website"},"datePublished":"2025-08-21T15:13:40+00:00","dateModified":"2025-11-18T09:15:37+00:00","breadcrumb":{"@id":"https:\/\/neos-detergents.com\/de\/cookie-richtlinie\/#breadcrumb"},"inLanguage":"de","potentialAction":[{"@type":"ReadAction","target":["https:\/\/neos-detergents.com\/de\/cookie-richtlinie\/"]}]},{"@type":"BreadcrumbList","@id":"https:\/\/neos-detergents.com\/de\/cookie-richtlinie\/#breadcrumb","itemListElement":[{"@type":"ListItem","position":1,"name":"Neos","item":"https:\/\/neos-detergents.com\/de\/"},{"@type":"ListItem","position":2,"name":"Cookie-Richtlinie"}]},{"@type":"WebSite","@id":"https:\/\/neos-detergents.com\/de\/#website","url":"https:\/\/neos-detergents.com\/de\/","name":"Neos","description":"La performance durable au service de l&#039;industrie cosm\u00e9tique","publisher":{"@id":"https:\/\/neos-detergents.com\/de\/#organization"},"potentialAction":[{"@type":"SearchAction","target":{"@type":"EntryPoint","urlTemplate":"https:\/\/neos-detergents.com\/de\/?s={search_term_string}"},"query-input":{"@type":"PropertyValueSpecification","valueRequired":true,"valueName":"search_term_string"}}],"inLanguage":"de"},{"@type":"Organization","@id":"https:\/\/neos-detergents.com\/de\/#organization","name":"Neos","url":"https:\/\/neos-detergents.com\/de\/","logo":{"@type":"ImageObject","inLanguage":"de","@id":"https:\/\/neos-detergents.com\/de\/#\/schema\/logo\/image\/","url":"https:\/\/neos-detergents.com\/wp-content\/uploads\/2025\/08\/logo.svg","contentUrl":"https:\/\/neos-detergents.com\/wp-content\/uploads\/2025\/08\/logo.svg","width":1,"height":1,"caption":"Neos"},"image":{"@id":"https:\/\/neos-detergents.com\/de\/#\/schema\/logo\/image\/"}}]}},"_links":{"self":[{"href":"https:\/\/neos-detergents.com\/de\/wp-json\/wp\/v2\/pages\/979","targetHints":{"allow":["GET"]}}],"collection":[{"href":"https:\/\/neos-detergents.com\/de\/wp-json\/wp\/v2\/pages"}],"about":[{"href":"https:\/\/neos-detergents.com\/de\/wp-json\/wp\/v2\/types\/page"}],"author":[{"embeddable":true,"href":"https:\/\/neos-detergents.com\/de\/wp-json\/wp\/v2\/users\/1"}],"replies":[{"embeddable":true,"href":"https:\/\/neos-detergents.com\/de\/wp-json\/wp\/v2\/comments?post=979"}],"version-history":[{"count":45,"href":"https:\/\/neos-detergents.com\/de\/wp-json\/wp\/v2\/pages\/979\/revisions"}],"predecessor-version":[{"id":2337,"href":"https:\/\/neos-detergents.com\/de\/wp-json\/wp\/v2\/pages\/979\/revisions\/2337"}],"wp:attachment":[{"href":"https:\/\/neos-detergents.com\/de\/wp-json\/wp\/v2\/media?parent=979"}],"curies":[{"name":"wp","href":"https:\/\/api.w.org\/{rel}","templated":true}]}}