{"id":982,"date":"2024-02-01T16:15:16","date_gmt":"2024-02-01T15:15:16","guid":{"rendered":"https:\/\/neos-detergents.com\/ihr-kontakt-zu-uns\/"},"modified":"2025-11-18T10:15:50","modified_gmt":"2025-11-18T09:15:50","slug":"ihr-kontakt-zu-uns","status":"publish","type":"page","link":"https:\/\/neos-detergents.com\/de\/ihr-kontakt-zu-uns\/","title":{"rendered":"Ihr Kontakt zu uns"},"content":{"rendered":"\n<div class=\"block-banniere\" data-module=\"blockBanniere\">\n    <div class=\"block-banniere__inner\">\n                    <div class=\"block-banniere__breadcrumbs\">\n                <div class=\"breadcrumb-icon\">\n                    <img loading=\"lazy\" decoding=\"async\" \n                        src=\"https:\/\/neos-detergents.com\/wp-content\/themes\/mediapilote\/images\/icons\/breadcrumb.svg\" \n                        alt=\"Brotkrumen-Symbol\"\n                        width=\"14\" \n                        height=\"14\"\n                    \/>\n                <\/div>\n                <nav class=\"breadcrumb-nav\" aria-label=\"Brotkrumen\"><span><span><a href=\"https:\/\/neos-detergents.com\/de\/\">Neos<\/a><\/span><\/span><\/nav>            <\/div>\n        \n                    <div class=\"block-banniere__image-container\">\n                                <img decoding=\"async\" \n                    src=\"https:\/\/neos-detergents.com\/wp-content\/uploads\/2025\/09\/neos-contact-copie.webp\" \n                    alt=\"neos contact copie\"\n                    title=\"neos contact copie\"\n                    class=\"block-banniere__image\"\n                    loading=\"lazy\"\n                \/>\n            <\/div>\n        \n        <div class=\"block-banniere__content\">\n                            <h1 class=\"block-banniere__title\">\n                    Ihr Kontakt zu uns                <\/h1>\n            \n            \n                            <div class=\"block-banniere__description\">\n                    <p>Sie ben\u00f6tigen Informationen?<\/p>\n                <\/div>\n                    <\/div>\n    <\/div>\n<\/div>\n\n<div class=\"wpcf7 no-js\" id=\"wpcf7-f955-o1\" lang=\"de-DE\" dir=\"ltr\" data-wpcf7-id=\"955\">\n<div class=\"screen-reader-response\"><p role=\"status\" aria-live=\"polite\" aria-atomic=\"true\"><\/p> <ul><\/ul><\/div>\n<form action=\"\/de\/wp-json\/wp\/v2\/pages\/982#wpcf7-f955-o1\" method=\"post\" class=\"wpcf7-form init\" aria-label=\"Kontaktformular\" novalidate=\"novalidate\" data-status=\"init\">\n<fieldset class=\"hidden-fields-container\"><input type=\"hidden\" name=\"_wpcf7\" value=\"955\" \/><input type=\"hidden\" name=\"_wpcf7_version\" value=\"6.1.5\" \/><input type=\"hidden\" name=\"_wpcf7_locale\" value=\"de_DE\" \/><input type=\"hidden\" name=\"_wpcf7_unit_tag\" value=\"wpcf7-f955-o1\" \/><input type=\"hidden\" name=\"_wpcf7_container_post\" value=\"0\" \/><input type=\"hidden\" name=\"_wpcf7_posted_data_hash\" value=\"\" \/>\n<\/fieldset>\n<div class=\"formulaire_container\">\n\t<div class=\"row d-flex x-y-center\">\n\t\t<div class=\"col-md-6 col-sm-12\">\n\t\t\t<p><label>Nachname <span class=\"wpcf7-form-control-wrap\" data-name=\"your-name\"><input size=\"40\" maxlength=\"400\" class=\"wpcf7-form-control wpcf7-text wpcf7-validates-as-required\" aria-required=\"true\" aria-invalid=\"false\" placeholder=\"Beispiel: Dupont\" value=\"\" type=\"text\" name=\"your-name\" \/><\/span><br \/>\n<\/label>\n\t\t\t<\/p>\n\t\t<\/div>\n\t\t<div class=\"col-md-6 col-sm-12\">\n\t\t\t<p><label>Vorname <span class=\"wpcf7-form-control-wrap\" data-name=\"your-surname\"><input size=\"40\" maxlength=\"400\" class=\"wpcf7-form-control wpcf7-text wpcf7-validates-as-required\" aria-required=\"true\" aria-invalid=\"false\" placeholder=\"Beispiel: Jean\" value=\"\" type=\"text\" name=\"your-surname\" \/><\/span><br \/>\n<\/label>\n\t\t\t<\/p>\n\t\t<\/div>\n\t<\/div>\n\t<div class=\"row d-flex x-y-center\">\n\t\t<div class=\"col-12\">\n\t\t\t<p><label>Telefonnummer <span class=\"wpcf7-form-control-wrap\" data-name=\"your-phone\"><input size=\"40\" maxlength=\"400\" class=\"wpcf7-form-control wpcf7-tel wpcf7-validates-as-required wpcf7-text wpcf7-validates-as-tel\" aria-required=\"true\" aria-invalid=\"false\" placeholder=\"Beispiel: 01 02 03 04 05\" value=\"\" type=\"tel\" name=\"your-phone\" \/><\/span><br \/>\n<\/label><br \/>\n<label>E-Mail-Adresse <span class=\"wpcf7-form-control-wrap\" data-name=\"your-email\"><input size=\"40\" maxlength=\"400\" class=\"wpcf7-form-control wpcf7-email wpcf7-validates-as-required wpcf7-text wpcf7-validates-as-email\" aria-required=\"true\" aria-invalid=\"false\" placeholder=\"Beispiel: jean.dupont@email.com\" value=\"\" type=\"email\" name=\"your-email\" \/><\/span><br \/>\n<\/label>\n\t\t\t<\/p>\n\t\t<\/div>\n\t<\/div>\n\t<div class=\"row d-flex x-y-center\">\n\t\t<div class=\"col-md-6 col-sm-12\">\n\t\t\t<p><label>PLZ <span class=\"wpcf7-form-control-wrap\" data-name=\"your-zipcode\"><input size=\"40\" maxlength=\"400\" class=\"wpcf7-form-control wpcf7-text wpcf7-validates-as-required\" aria-required=\"true\" aria-invalid=\"false\" placeholder=\"75000\" value=\"\" type=\"text\" name=\"your-zipcode\" \/><\/span><br \/>\n<\/label>\n\t\t\t<\/p>\n\t\t<\/div>\n\t\t<div class=\"col-md-6 col-sm-12\">\n\t\t\t<p><label>Stadt <span class=\"wpcf7-form-control-wrap\" data-name=\"your-city\"><input size=\"40\" maxlength=\"400\" class=\"wpcf7-form-control wpcf7-text wpcf7-validates-as-required\" aria-required=\"true\" aria-invalid=\"false\" placeholder=\"Paris\" value=\"\" type=\"text\" name=\"your-city\" \/><\/span><br \/>\n<\/label>\n\t\t\t<\/p>\n\t\t<\/div>\n\t<\/div>\n\t<div class=\"row d-flex x-y-center\">\n\t\t<div class=\"col-12\">\n\t\t\t<p><label>Unternehmen (optional) <span class=\"wpcf7-form-control-wrap\" data-name=\"your-company\"><input size=\"40\" maxlength=\"400\" class=\"wpcf7-form-control wpcf7-text\" aria-invalid=\"false\" placeholder=\"Beispiel: Mein Unternehmen\" value=\"\" type=\"text\" name=\"your-company\" \/><\/span><br \/>\n<\/label>\n\t\t\t<\/p>\n\t\t\t<p><label>Betreff <span class=\"wpcf7-form-control-wrap\" data-name=\"your-subject\"><select class=\"wpcf7-form-control wpcf7-select wpcf7-validates-as-required\" aria-required=\"true\" aria-invalid=\"false\" name=\"your-subject\"><option value=\"Anforderung von Informationen\">Anforderung von Informationen<\/option><option value=\"Anforderung eines Kostenvoranschlags\">Anforderung eines Kostenvoranschlags<\/option><option value=\"Terminvereinbarung\">Terminvereinbarung<\/option><option value=\"Reklamation\">Reklamation<\/option><option value=\"Sonstiges\">Sonstiges<\/option><\/select><\/span><br \/>\n<\/label><br \/>\n<label>E-Mail-Adresse <span class=\"wpcf7-form-control-wrap\" data-name=\"your-message\"><textarea cols=\"40\" rows=\"10\" maxlength=\"2000\" class=\"wpcf7-form-control wpcf7-textarea wpcf7-validates-as-required\" aria-required=\"true\" aria-invalid=\"false\" placeholder=\"Guten Tag,\" name=\"your-message\"><\/textarea><\/span><br \/>\n<\/label>\n\t\t\t<\/p>\n\t\t<\/div>\n\t<\/div>\n\t<div class=\"row d-flex x-y-center contact-footer\">\n\t\t<div class=\"col-12 your-consent\">\n\t\t\t<p><span class=\"wpcf7-form-control-wrap\" data-name=\"your-consent\"><span class=\"wpcf7-form-control wpcf7-acceptance\"><span class=\"wpcf7-list-item\"><label><input type=\"checkbox\" name=\"your-consent\" value=\"1\" class=\"rgpd\" aria-invalid=\"false\" \/><span class=\"wpcf7-list-item-label\">wenn Sie dieses K\u00e4stchen ankreuzen, stimmen Sie zu, dass Neos Ihre personenbezogenen Daten nutzen darf, um Ihre Anfrage zu bearbeiten. Sie verf\u00fcgen \u00fcber ein Recht auf Auskunft \u00fcber diese Daten, Berichtigung oder L\u00f6schung dieser Daten. F\u00fcr weitere Informationen <a href=\"https:\/\/neos-detergents.com\/de\/rechtliche-hinweise-und-impressum\/\">klicken Sie bitte hier<\/a><\/span><\/label><\/span><\/span><\/span>\n\t\t\t<\/p>\n\t\t<\/div>\n\t\t<div class=\"col-12\">\n\t\t\t<div id=\"formSubmit\" class=\"row\">\n\t\t\t\t<div class=\"col-12\">\n\t\t\t\t\t<p><span class=\"wpcf7-form-control-wrap\" data-name=\"hcap-cf7\">\t\t<input\n\t\t\t\ttype=\"hidden\"\n\t\t\t\tclass=\"hcaptcha-widget-id\"\n\t\t\t\tname=\"hcaptcha-widget-id\"\n\t\t\t\tvalue=\"eyJzb3VyY2UiOlsiY29udGFjdC1mb3JtLTdcL3dwLWNvbnRhY3QtZm9ybS03LnBocCJdLCJmb3JtX2lkIjowfQ==-136f428b13e0332474b1a91c7062dc76\">\n\t\t\t\t<span id=\"hcap_cf7-69e169c270bb90.28755333\" class=\"wpcf7-form-control h-captcha \"\n\t\t\tdata-sitekey=\"6f3c114c-174a-41d8-946c-c6a4ef7c2ea4\"\n\t\t\tdata-theme=\"light\"\n\t\t\tdata-size=\"normal\"\n\t\t\tdata-auto=\"false\"\n\t\t\tdata-ajax=\"false\"\n\t\t\tdata-force=\"false\">\n\t\t<\/span>\n\t\t<input type=\"hidden\" id=\"_wpnonce\" name=\"_wpnonce\" value=\"91c1e3f42b\" \/><input type=\"hidden\" name=\"_wp_http_referer\" value=\"\/de\/wp-json\/wp\/v2\/pages\/982\" \/><\/span><input class=\"wpcf7-form-control wpcf7-submit has-spinner btn-secondary btn btn-black\" id=\"formSubmit\" type=\"submit\" value=\"Senden\" \/>\n\t\t\t\t\t<\/p>\n\t\t\t\t<\/div>\n\t\t\t<\/div>\n\t\t<\/div>\n\t<\/div>\n<\/div><div class=\"wpcf7-response-output\" aria-hidden=\"true\"><\/div>\n<\/form>\n<\/div>\n\n","protected":false},"excerpt":{"rendered":"","protected":false},"author":1,"featured_media":0,"parent":0,"menu_order":6,"comment_status":"closed","ping_status":"closed","template":"","meta":{"_acf_changed":false,"footnotes":""},"class_list":["post-982","page","type-page","status-publish","hentry"],"acf":[],"yoast_head":"<!-- This site is optimized with the Yoast SEO plugin v27.3 - https:\/\/yoast.com\/product\/yoast-seo-wordpress\/ -->\n<title>Ihr Kontakt zu uns | Neos<\/title>\n<meta name=\"description\" content=\"Sie ben\u00f6tigen Informationen? Sie k\u00f6nnen uns gerne kontaktieren. Wir antworten Ihnen innerhalb k\u00fcrzester Zeit!\" \/>\n<meta name=\"robots\" content=\"index, follow, max-snippet:-1, max-image-preview:large, max-video-preview:-1\" \/>\n<link rel=\"canonical\" href=\"https:\/\/neos-detergents.com\/de\/ihr-kontakt-zu-uns\/\" \/>\n<meta property=\"og:locale\" content=\"de_DE\" \/>\n<meta property=\"og:type\" content=\"article\" \/>\n<meta property=\"og:title\" content=\"Ihr Kontakt zu uns | Neos\" \/>\n<meta property=\"og:description\" content=\"Sie ben\u00f6tigen Informationen? Sie k\u00f6nnen uns gerne kontaktieren. Wir antworten Ihnen innerhalb k\u00fcrzester Zeit!\" \/>\n<meta property=\"og:url\" content=\"https:\/\/neos-detergents.com\/de\/ihr-kontakt-zu-uns\/\" \/>\n<meta property=\"og:site_name\" content=\"Neos\" \/>\n<meta property=\"article:modified_time\" content=\"2025-11-18T09:15:50+00:00\" \/>\n<meta name=\"twitter:card\" content=\"summary_large_image\" \/>\n<script type=\"application\/ld+json\" class=\"yoast-schema-graph\">{\"@context\":\"https:\\\/\\\/schema.org\",\"@graph\":[{\"@type\":\"WebPage\",\"@id\":\"https:\\\/\\\/neos-detergents.com\\\/de\\\/ihr-kontakt-zu-uns\\\/\",\"url\":\"https:\\\/\\\/neos-detergents.com\\\/de\\\/ihr-kontakt-zu-uns\\\/\",\"name\":\"Ihr Kontakt zu uns | Neos\",\"isPartOf\":{\"@id\":\"https:\\\/\\\/neos-detergents.com\\\/de\\\/#website\"},\"datePublished\":\"2024-02-01T15:15:16+00:00\",\"dateModified\":\"2025-11-18T09:15:50+00:00\",\"description\":\"Sie ben\u00f6tigen Informationen? Sie k\u00f6nnen uns gerne kontaktieren. Wir antworten Ihnen innerhalb k\u00fcrzester Zeit!\",\"breadcrumb\":{\"@id\":\"https:\\\/\\\/neos-detergents.com\\\/de\\\/ihr-kontakt-zu-uns\\\/#breadcrumb\"},\"inLanguage\":\"de\",\"potentialAction\":[{\"@type\":\"ReadAction\",\"target\":[\"https:\\\/\\\/neos-detergents.com\\\/de\\\/ihr-kontakt-zu-uns\\\/\"]}]},{\"@type\":\"BreadcrumbList\",\"@id\":\"https:\\\/\\\/neos-detergents.com\\\/de\\\/ihr-kontakt-zu-uns\\\/#breadcrumb\",\"itemListElement\":[{\"@type\":\"ListItem\",\"position\":1,\"name\":\"Neos\",\"item\":\"https:\\\/\\\/neos-detergents.com\\\/de\\\/\"},{\"@type\":\"ListItem\",\"position\":2,\"name\":\"Ihr Kontakt zu uns\"}]},{\"@type\":\"WebSite\",\"@id\":\"https:\\\/\\\/neos-detergents.com\\\/de\\\/#website\",\"url\":\"https:\\\/\\\/neos-detergents.com\\\/de\\\/\",\"name\":\"Neos\",\"description\":\"La performance durable au service de l&#039;industrie cosm\u00e9tique\",\"publisher\":{\"@id\":\"https:\\\/\\\/neos-detergents.com\\\/de\\\/#organization\"},\"potentialAction\":[{\"@type\":\"SearchAction\",\"target\":{\"@type\":\"EntryPoint\",\"urlTemplate\":\"https:\\\/\\\/neos-detergents.com\\\/de\\\/?s={search_term_string}\"},\"query-input\":{\"@type\":\"PropertyValueSpecification\",\"valueRequired\":true,\"valueName\":\"search_term_string\"}}],\"inLanguage\":\"de\"},{\"@type\":\"Organization\",\"@id\":\"https:\\\/\\\/neos-detergents.com\\\/de\\\/#organization\",\"name\":\"Neos\",\"url\":\"https:\\\/\\\/neos-detergents.com\\\/de\\\/\",\"logo\":{\"@type\":\"ImageObject\",\"inLanguage\":\"de\",\"@id\":\"https:\\\/\\\/neos-detergents.com\\\/de\\\/#\\\/schema\\\/logo\\\/image\\\/\",\"url\":\"https:\\\/\\\/neos-detergents.com\\\/wp-content\\\/uploads\\\/2025\\\/08\\\/logo.svg\",\"contentUrl\":\"https:\\\/\\\/neos-detergents.com\\\/wp-content\\\/uploads\\\/2025\\\/08\\\/logo.svg\",\"width\":1,\"height\":1,\"caption\":\"Neos\"},\"image\":{\"@id\":\"https:\\\/\\\/neos-detergents.com\\\/de\\\/#\\\/schema\\\/logo\\\/image\\\/\"}}]}<\/script>\n<!-- \/ Yoast SEO plugin. -->","yoast_head_json":{"title":"Ihr Kontakt zu uns | Neos","description":"Sie ben\u00f6tigen Informationen? Sie k\u00f6nnen uns gerne kontaktieren. Wir antworten Ihnen innerhalb k\u00fcrzester Zeit!","robots":{"index":"index","follow":"follow","max-snippet":"max-snippet:-1","max-image-preview":"max-image-preview:large","max-video-preview":"max-video-preview:-1"},"canonical":"https:\/\/neos-detergents.com\/de\/ihr-kontakt-zu-uns\/","og_locale":"de_DE","og_type":"article","og_title":"Ihr Kontakt zu uns | Neos","og_description":"Sie ben\u00f6tigen Informationen? Sie k\u00f6nnen uns gerne kontaktieren. Wir antworten Ihnen innerhalb k\u00fcrzester Zeit!","og_url":"https:\/\/neos-detergents.com\/de\/ihr-kontakt-zu-uns\/","og_site_name":"Neos","article_modified_time":"2025-11-18T09:15:50+00:00","twitter_card":"summary_large_image","schema":{"@context":"https:\/\/schema.org","@graph":[{"@type":"WebPage","@id":"https:\/\/neos-detergents.com\/de\/ihr-kontakt-zu-uns\/","url":"https:\/\/neos-detergents.com\/de\/ihr-kontakt-zu-uns\/","name":"Ihr Kontakt zu uns | Neos","isPartOf":{"@id":"https:\/\/neos-detergents.com\/de\/#website"},"datePublished":"2024-02-01T15:15:16+00:00","dateModified":"2025-11-18T09:15:50+00:00","description":"Sie ben\u00f6tigen Informationen? Sie k\u00f6nnen uns gerne kontaktieren. Wir antworten Ihnen innerhalb k\u00fcrzester Zeit!","breadcrumb":{"@id":"https:\/\/neos-detergents.com\/de\/ihr-kontakt-zu-uns\/#breadcrumb"},"inLanguage":"de","potentialAction":[{"@type":"ReadAction","target":["https:\/\/neos-detergents.com\/de\/ihr-kontakt-zu-uns\/"]}]},{"@type":"BreadcrumbList","@id":"https:\/\/neos-detergents.com\/de\/ihr-kontakt-zu-uns\/#breadcrumb","itemListElement":[{"@type":"ListItem","position":1,"name":"Neos","item":"https:\/\/neos-detergents.com\/de\/"},{"@type":"ListItem","position":2,"name":"Ihr Kontakt zu uns"}]},{"@type":"WebSite","@id":"https:\/\/neos-detergents.com\/de\/#website","url":"https:\/\/neos-detergents.com\/de\/","name":"Neos","description":"La performance durable au service de l&#039;industrie cosm\u00e9tique","publisher":{"@id":"https:\/\/neos-detergents.com\/de\/#organization"},"potentialAction":[{"@type":"SearchAction","target":{"@type":"EntryPoint","urlTemplate":"https:\/\/neos-detergents.com\/de\/?s={search_term_string}"},"query-input":{"@type":"PropertyValueSpecification","valueRequired":true,"valueName":"search_term_string"}}],"inLanguage":"de"},{"@type":"Organization","@id":"https:\/\/neos-detergents.com\/de\/#organization","name":"Neos","url":"https:\/\/neos-detergents.com\/de\/","logo":{"@type":"ImageObject","inLanguage":"de","@id":"https:\/\/neos-detergents.com\/de\/#\/schema\/logo\/image\/","url":"https:\/\/neos-detergents.com\/wp-content\/uploads\/2025\/08\/logo.svg","contentUrl":"https:\/\/neos-detergents.com\/wp-content\/uploads\/2025\/08\/logo.svg","width":1,"height":1,"caption":"Neos"},"image":{"@id":"https:\/\/neos-detergents.com\/de\/#\/schema\/logo\/image\/"}}]}},"_links":{"self":[{"href":"https:\/\/neos-detergents.com\/de\/wp-json\/wp\/v2\/pages\/982","targetHints":{"allow":["GET"]}}],"collection":[{"href":"https:\/\/neos-detergents.com\/de\/wp-json\/wp\/v2\/pages"}],"about":[{"href":"https:\/\/neos-detergents.com\/de\/wp-json\/wp\/v2\/types\/page"}],"author":[{"embeddable":true,"href":"https:\/\/neos-detergents.com\/de\/wp-json\/wp\/v2\/users\/1"}],"replies":[{"embeddable":true,"href":"https:\/\/neos-detergents.com\/de\/wp-json\/wp\/v2\/comments?post=982"}],"version-history":[{"count":45,"href":"https:\/\/neos-detergents.com\/de\/wp-json\/wp\/v2\/pages\/982\/revisions"}],"predecessor-version":[{"id":2341,"href":"https:\/\/neos-detergents.com\/de\/wp-json\/wp\/v2\/pages\/982\/revisions\/2341"}],"wp:attachment":[{"href":"https:\/\/neos-detergents.com\/de\/wp-json\/wp\/v2\/media?parent=982"}],"curies":[{"name":"wp","href":"https:\/\/api.w.org\/{rel}","templated":true}]}}