{"id":990,"date":"2023-11-10T14:33:49","date_gmt":"2023-11-10T13:33:49","guid":{"rendered":"https:\/\/neos-detergents.com\/rechtliche-hinweise-und-impressum\/"},"modified":"2025-11-18T17:50:17","modified_gmt":"2025-11-18T16:50:17","slug":"rechtliche-hinweise-und-impressum","status":"publish","type":"page","link":"https:\/\/neos-detergents.com\/de\/rechtliche-hinweise-und-impressum\/","title":{"rendered":"Rechtliche Hinweise und Impressum"},"content":{"rendered":"\n<div class=\"block-banniere\" data-module=\"blockBanniere\">\n    <div class=\"block-banniere__inner\">\n                    <div class=\"block-banniere__breadcrumbs\">\n                <div class=\"breadcrumb-icon\">\n                    <img loading=\"lazy\" decoding=\"async\" \n                        src=\"https:\/\/neos-detergents.com\/wp-content\/themes\/mediapilote\/images\/icons\/breadcrumb.svg\" \n                        alt=\"Brotkrumen-Symbol\"\n                        width=\"14\" \n                        height=\"14\"\n                    \/>\n                <\/div>\n                <nav class=\"breadcrumb-nav\" aria-label=\"Brotkrumen\"><span><span><a href=\"https:\/\/neos-detergents.com\/de\/\">Neos<\/a><\/span><\/span><\/nav>            <\/div>\n        \n                    <div class=\"block-banniere__image-container\">\n                                <img decoding=\"async\" \n                    src=\"https:\/\/neos-detergents.com\/wp-content\/uploads\/2025\/09\/neos-mentions-legales.webp\" \n                    alt=\"neos mentions legales\"\n                    title=\"neos mentions legales\"\n                    class=\"block-banniere__image\"\n                    loading=\"lazy\"\n                \/>\n            <\/div>\n        \n        <div class=\"block-banniere__content\">\n                            <h1 class=\"block-banniere__title\">\n                    Rechtliche Hinweise und Impressum                <\/h1>\n            \n            \n                            <div class=\"block-banniere__description\">\n                    <p>Diese Website ist das Eigentum von Neos, Neos wird im Folgenden als \u201eWebsite-Inhaber\u201c bezeichnet und die Website <a class=\"_mizu194a _1ah31bk5 _ra3xnqa1 _128m1bk5 _1cvmnqa1 _4davt94y _4bfu1r31 _1hms8stv _ajmmnqa1 _vchhusvi _syaz14q2 _ect41gqc _1a3b1r31 _4fpr8stv _5goinqa1 _f8pj14q2 _9oik1r31 _1bnxglyw _jf4cnqa1 _30l314q2 _1nrm1r31 _c2waglyw _1iohnqa1 _9h8h16c2 _1053w7te _1ienw7te _n0fxw7te _1vhvg3x0\" title=\"http:\/\/neos-detergents.com\/\" href=\"https:\/\/neos-detergents.com\/\" data-renderer-mark=\"true\" data-is-router-link=\"false\" data-testid=\"link-with-safety\"><strong data-renderer-mark=\"true\">neos-detergents.com<\/strong><\/a> wird im Folgenden als \u201eWebsite\u201c bezeichnet.<\/p>\n                <\/div>\n                    <\/div>\n    <\/div>\n<\/div>\n\n\n\n<h2 class=\"wp-block-heading\">Allgemeine Informationen<\/h2>\n\n\n\n<p><strong>Gesch\u00e4ftssitz:<\/strong><\/p>\n\n\n\n<p>Esperide<\/p>\n\n\n\n<p>ZA Bitray<\/p>\n\n\n\n<p>36130 &#8211; D\u00e9ols, Frankreich<\/p>\n\n\n\n<p>Tel.:&nbsp;<a href=\"tel:+33254274441\" target=\"_blank\" rel=\"noreferrer noopener\">+33254274441<\/a><\/p>\n\n\n\n<p>E-Mail-Adresse:&nbsp;<a href=\"mailto:contact@esperide.bio\" target=\"_blank\" rel=\"noreferrer noopener\">contact@esperide.bio<\/a><\/p>\n\n\n\n<p><strong>Verantwortlich f\u00fcr die Ver\u00f6ffentlichung:&nbsp;<\/strong>Neos<\/p>\n\n\n\n<h2 class=\"wp-block-heading\">Diese Website wurde von Mediapilote entwickelt.<\/h2>\n\n\n\n<p>SARL (GmbH nach franz\u00f6sischem Recht) mit einem Kapital von 38&nbsp;000&nbsp;\u20ac<br>SIRET-NUMMER 440 234 599 00023APE 7311Z<br>UST-IDNR. FR 18 440 234 599<br>Centre d\u2019affaire Tivoli CHANG\u00c9 \u2013 FRANKREICH<\/p>\n\n\n\n<h2 class=\"wp-block-heading\">Hosting<\/h2>\n\n\n\n<p>OVH<br>SAS (vereinfachte Aktiengesellschaft nach frz. Recht) mit einem Kapitel von 10&nbsp;069&nbsp;020&nbsp;\u20ac<br>RCS (Handels- und Unternehmensregister) Lille M\u00e9tropole 424 761 419 00045<br>APE-Code (Wirtschaftszweig) 2620Z<br>UST-IDNR.: FR 22 424 761 419<br>Gesch\u00e4ftssitz: 2 rue Kellermann \u2013 59100 Roubaix \u2013 Frankreich<\/p>\n\n\n\n<p>Diese Website im D\u00e9partement Mayenne 53 wurde von der folgenden Kommunikationsberatungsagentur erstellt:<\/p>\n\n\n\n<p>Mediapilote,<br>Centre d\u2019affaire Tivoli<br>53810 Chang\u00e9 \u2013 FRANKREICH<\/p>\n\n\n\n<p><strong>Diese Website wird gepflegt und gehostet von: OVH<\/strong><\/p>\n\n\n\n<p><br><strong>Bildnachweis:<\/strong><\/p>\n\n\n\n<ul class=\"wp-block-list\">\n<li>Esperide<\/li>\n\n\n\n<li>Symbiose<\/li>\n\n\n\n<li>Mediapilote<\/li>\n<\/ul>\n\n\n\n<h2 class=\"wp-block-heading\">Rechte am geistigen Eigentum<\/h2>\n\n\n\n<p>Der Website-Inhaber weist die Nutzer dieser Website darauf hin, dass zahlreiche Elemente dieser Website:<\/p>\n\n\n\n<ul class=\"wp-block-list\">\n<li>a) urheberrechtlich gesch\u00fctzt sind: Dies kann insbesondere bei Fotografien, Artikeln, Zeichnungen, Animationen usw. der Fall sein;<\/li>\n\n\n\n<li>b) und\/oder von der Gesetzgebung zu Mustern und Modellen gesch\u00fctzt sind;<\/li>\n\n\n\n<li>c) markenrechtlich gesch\u00fctzt sind.<\/li>\n<\/ul>\n\n\n\n<p>Die so gesch\u00fctzten Elemente sind das Eigentum des Website-Inhabers oder von Dritten, die den Website-Inhaber ihre Erlaubnis gegeben haben, sie zu nutzen.<\/p>\n\n\n\n<p>Diese Website verwendet visuelle Elemente, die aus internen Dokumenten des Website-Inhabers stammen und vom Website-Inhaber f\u00fcr ihn selbst erstellt wurden.<\/p>\n\n\n\n<p>In diesem Zusammenhang sind die teilweise oder vollst\u00e4ndige Vervielf\u00e4ltigung, Darstellung, Verwendung, Anpassung, \u00c4nderung, Einf\u00fcgung, \u00dcbersetzung, Vermarktung, unabh\u00e4ngig vom verwendeten Verfahren oder Datentr\u00e4ger (Papier, Digitaltr\u00e4ger usw.), ohne die vorherige, schriftliche Zustimmung vom Website-Inhaber untersagt, mit Ausnahme der im Artikel L&nbsp;122.5 des franz\u00f6sischen Gesetzbuches \u00fcber geistiges Eigentum (Code de la Propri\u00e9t\u00e9 Intellectuelle) vorgesehenen F\u00e4lle. Eine Zuwiderhandlung stellt eine Straftat der Verletzung von Urheberrechten und\/oder Muster- und Modellrechten und\/oder Markenrechten dar und wird mit einer Freiheitsstrafe von zwei Jahren und einer Geldstrafe von 150&nbsp;000&nbsp;\u20ac bestraft.<\/p>\n\n\n\n<h2 class=\"wp-block-heading\">Urheberrecht \u2013 Schutz von Mustern und Modellen<\/h2>\n\n\n\n<p>Diese Website stellt ein Werk dar, dessen Urheber im Sinne der Bestimmungen der Artikel L111.1 ff. des franz\u00f6sischen Gesetzbuches \u00fcber geistiges Eigentum (Code de la Propri\u00e9t\u00e9 Intellectuelle) der Website-Inhaber ist. Sie wurde vom Website-Inhaber entworfen und konzipiert.<\/p>\n\n\n\n<p>Die Fotografien, Texte, Slogans, Zeichnungen, Bilder, akustische und nicht-akustische Animationen sowie alle in die Website integrierten Werke sind Eigentum des Website-Inhabers oder von Dritten, die dem Website-Inhaber die Erlaubnis f\u00fcr ihre Nutzung gegeben haben.<\/p>\n\n\n\n<p>Die Vervielf\u00e4ltigung der Website auf einen Papiertr\u00e4ger oder computerlesbaren Tr\u00e4ger ist unter dem Vorbehalt gestattet, dass sie zu rein pers\u00f6nlichen Zwecken erfolgt und zu keinen Werbezwecken und\/oder Handelszwecken und\/oder Informationszwecken und\/oder dass sie den Bestimmungen von Art. L122-5 des franz\u00f6sischen Gesetzbuches \u00fcber geistiges Eigentum (Code de la Propri\u00e9t\u00e9 Intellectuelle) entspricht.<\/p>\n\n\n\n<h2 class=\"wp-block-heading\">Informationen zu den Produkten<\/h2>\n\n\n\n<p>Die Informationen und Illustrationen auf den Seiten dieser Website basieren auf den technischen Merkmalen, die zum Zeitpunkt der Onlinestellung bzw. der Aktualisierung der verschiedenen Seiten dieser Website g\u00fcltig sind.<\/p>\n\n\n\n<p>Im Rahmen der kontinuierlichen Qualit\u00e4tsverbesserung seiner Dienste kann der Website-Inhaber die Merkmale jederzeit \u00e4ndern.<\/p>\n\n\n\n<p>In jedem Fall besitzen die in dieser Website enthaltenen Informationen einen allgemeinen Charakter und sind unverbindlich.<\/p>\n\n\n\n<h2 class=\"wp-block-heading\">Schutz personenbezogener Daten<\/h2>\n\n\n\n<p>Der Besuch der Website des Website-Inhabers ist ohne Preisgabe Ihrer Identit\u00e4t oder weiterer personenbezogener Daten, die Sie betreffen, m\u00f6glich.<\/p>\n\n\n\n<p>F\u00fcr die von Ihnen uns \u00fcbermittelten personenbezogenen Daten stehen Ihnen ein Auskunftsrecht und ein Recht auf Berichtigung gem\u00e4\u00df dem franz\u00f6sischen Datenschutzgesetz \u201eInformatique et Libert\u00e9\u201c Nr. 78-17 vom 6. Januar 1978 zu. Sie k\u00f6nnen dieses Recht beim Website-Inhaber aus\u00fcben.<\/p>\n\n\n\n<p>Die Sammlung der Daten ist notwendig, um Ihre Anfragen zu beantworten und Ihnen gegebenenfalls einen Newsletter zusenden zu k\u00f6nnen.<\/p>\n\n\n\n<p>Wenn Sie einen Newsletter abonniert haben, haben Sie die M\u00f6glichkeit, das Abonnement zu beenden.<\/p>\n\n\n\n<p>Wir weisen Sie darauf hin, dass bestimmte unpers\u00f6nliche Daten bez\u00fcglich Ihrer Aktivit\u00e4t auf dieser Website automatisch erhoben werden, um Ihnen immer bedarfsgerechtere Produkte und Dienstleistungen anbieten zu k\u00f6nnen. Diese Informationen sind f\u00fcr den Website-Inhaber bestimmt und k\u00f6nnen auch im Rahmen von Handels- oder Marketingaktionen verwendet werden oder als Grundlage f\u00fcr Studien und Auswertungen dienen.<\/p>\n\n\n\n<p>In keinem Fall werden die Daten an Dritte weitergegeben. Nur das Personal des Website-Inhabers oder die Mitarbeitenden der Agenturen, die uns bei der Verwaltung dieser Ma\u00dfnahmen unterst\u00fctzen, haben auf diese Daten Zugriff. Die Agenturen sind gehalten, den vertraulichen Charakter der Informationen zu beachten und diese nur f\u00fcr die ganz bestimmte Aktion, mit der sie beauftragt wurden, zu verwerten.<\/p>\n\n\n\n<h2 class=\"wp-block-heading\">Sicherheit<\/h2>\n\n\n\n<p>Wir treffen alle erforderlichen Ma\u00dfnahmen zum Schutz der Daten und ihres vertraulichen Charakters und zur Verhinderung ihrer Weitergabe an unbefugte Dritte.<\/p>\n\n\n\n<h2 class=\"wp-block-heading\">Hyperlinks<\/h2>\n\n\n\n<p>Das Einrichten eines Hyperlinks zur \u201eWebsite\u201c setzt keine vorherige, schriftliche Zustimmung des Website-Inhabers voraus. Nichtsdestotrotz muss der Website-Inhaber innerhalb von maximal 10 Tagen nach Einrichtung eines Links entsprechend informiert werden.<\/p>\n\n\n\n<p>In keinem Fall haftet der Website-Inhaber f\u00fcr Inhalte oder Produkte oder Dienstleistungen, die auf anderen Websites, mit denen die \u201eWebsite\u201c \u00fcber Hyperlinks oder andere Links verbunden sein sollte, vorgestellt werden.<\/p>\n\n\n\n<h2 class=\"wp-block-heading\">Anwendbares Recht<\/h2>\n\n\n\n<p>Die \u201eWebsite\u201c und die vorliegenden Allgemeinen Gesch\u00e4ftsbedingungen unterliegen dem franz\u00f6sischen Recht und sind in franz\u00f6sischer Sprache verfasst.<\/p>\n\n\n\n<p>S\u00e4mtliche Rechtsstreitigkeiten unterliegen der alleinigen Zust\u00e4ndigkeit der zust\u00e4ndigen Gerichte des Gerichtsbezirks. Der Website-Inhaber beh\u00e4lt sich das Recht vor, diese rechtlichen Hinweise jederzeit zu \u00e4ndern. Der Nutzer verpflichtet sich, sie regelm\u00e4\u00dfig zu lesen.<\/p>\n\n\n\n<h2 class=\"wp-block-heading\">Haftungsbeschr\u00e4nkung<\/h2>\n\n\n\n<p>Ihre Nutzung der \u201eWebsite\u201c unterliegt Ihrer alleinigen und vollst\u00e4ndigen Verantwortung. Der Website-Inhaber \u00fcbernimmt keine Haftung f\u00fcr mittelbar oder unmittelbar entstandene Sch\u00e4den wie insbesondere Materialsch\u00e4den, Daten- oder Programmverluste, finanzielle Verluste, die sich aus der Nutzung dieser Website oder der mit dieser verbundenen Websites ergeben.<\/p>\n\n\n\n<h2 class=\"wp-block-heading\">Aktualisierung<\/h2>\n\n\n\n<p>Der Website-Inhaber beh\u00e4lt sich das Recht vor, die vorliegenden rechtlichen Hinweise und s\u00e4mtliche in dieser Website enthaltenen Elemente ohne Vorank\u00fcndigung zu \u00e4ndern und zu aktualisieren. Alle diese \u00c4nderungen sind f\u00fcr die Internetbenutzer verbindlich, die daher gehalten sind, bei jedem Verbindungsaufbau die Allgemeinen Gesch\u00e4ftsbedingungen zu lesen.<\/p>\n\n\n\n<h2 class=\"wp-block-heading\">Verfolgungsdaten zu statistischen Zwecken<\/h2>\n\n\n\n<p>Wir nutzen die Verbindungsdaten f\u00fcr unsere Abfragestatistiken (Browsertyp, Besucheranzahl, besuchte Rubriken) und zur Optimierung unserer Website in Bezug auf die Rubriken und die Navigation, aber es findet keine Weitergabe der Daten an Dritte statt.<\/p>\n\n\n\n<h2 class=\"wp-block-heading\">Vervielf\u00e4ltigung auf Papiertr\u00e4ger<\/h2>\n\n\n\n<p>Die Vervielf\u00e4ltigung der Seiten dieser Website, mit Ausnahme der Illustrationen, auf einen Papiertr\u00e4ger ist erlaubt, wenn folgende drei Bedingungen eingehalten werden:<\/p>\n\n\n\n<ul class=\"wp-block-list\">\n<li>Kostenlose Verbreitung<\/li>\n\n\n\n<li>Vollst\u00e4ndige Vervielf\u00e4ltigung der Dokumente (ohne \u00c4nderungen und ohne F\u00e4lschung jeglicher Art),<\/li>\n\n\n\n<li>Ausdr\u00fcckliche Nennung der \u201eWebsite\u201c als Quelle und Hinweis, dass die Vervielf\u00e4ltigungsrechte vorbehalten und strengstens eingeschr\u00e4nkt sind.<\/li>\n<\/ul>\n\n\n\n<h2 class=\"wp-block-heading\">Vervielf\u00e4ltigung auf elektronische Datentr\u00e4ger<\/h2>\n\n\n\n<p>Die teilweise oder vollst\u00e4ndige Vervielf\u00e4ltigung dieser Website auf einen elektronischen Datentr\u00e4ger ist erlaubt unter dem Vorbehalt, dass die Quelle (\u201eWebsite\u201c) und der Hinweis \u201eRechte vorbehalten\u201c klar und lesbar angegeben werden. Die benutzten Daten d\u00fcrfen nur f\u00fcr pers\u00f6nliche Zwecke, Vereinszwecke oder professionelle Zwecke verwendet werden; eine Nutzung zu kommerziellen Zwecken oder zu Werbezwecken ist untersagt.<\/p>\n","protected":false},"excerpt":{"rendered":"<p>Allgemeine Informationen Gesch\u00e4ftssitz: Esperide ZA Bitray 36130 &#8211; D\u00e9ols, Frankreich Tel.:&nbsp;+33254274441 E-Mail-Adresse:&nbsp;contact@esperide.bio Verantwortlich f\u00fcr die Ver\u00f6ffentlichung:&nbsp; Diese Website wurde von Mediapilote entwickelt. SARL (GmbH nach franz\u00f6sischem Recht) mit einem Kapital von 38&nbsp;000&nbsp;\u20acSIRET-NUMMER 440 234 599 00023APE 7311ZUST-IDNR. FR 18 440 234 599Centre d\u2019affaire Tivoli CHANG\u00c9 \u2013 FRANKREICH Hosting OVHSAS (vereinfachte Aktiengesellschaft nach frz. Recht) mit [&hellip;]<\/p>\n","protected":false},"author":1,"featured_media":0,"parent":0,"menu_order":7,"comment_status":"closed","ping_status":"closed","template":"page-editorial.php","meta":{"_acf_changed":false,"footnotes":""},"class_list":["post-990","page","type-page","status-publish","hentry"],"acf":[],"yoast_head":"<!-- This site is optimized with the Yoast SEO plugin v27.3 - https:\/\/yoast.com\/product\/yoast-seo-wordpress\/ -->\n<title>Rechtliche Hinweise und Impressum | Neos<\/title>\n<meta name=\"description\" content=\"Diese Website ist das Eigentum von Neos, Neos wird im Folgenden als \u201eWebsite-Inhaber\u201c bezeichnet und die Website neos-detergents.com wird im Folgenden als \u201eWebsite\u201c bezeichnet.\" \/>\n<meta name=\"robots\" content=\"index, follow, max-snippet:-1, max-image-preview:large, max-video-preview:-1\" \/>\n<link rel=\"canonical\" href=\"https:\/\/neos-detergents.com\/de\/rechtliche-hinweise-und-impressum\/\" \/>\n<meta property=\"og:locale\" content=\"de_DE\" \/>\n<meta property=\"og:type\" content=\"article\" \/>\n<meta property=\"og:title\" content=\"Rechtliche Hinweise und Impressum | Neos\" \/>\n<meta property=\"og:description\" content=\"Diese Website ist das Eigentum von Neos, Neos wird im Folgenden als \u201eWebsite-Inhaber\u201c bezeichnet und die Website neos-detergents.com wird im Folgenden als \u201eWebsite\u201c bezeichnet.\" \/>\n<meta property=\"og:url\" content=\"https:\/\/neos-detergents.com\/de\/rechtliche-hinweise-und-impressum\/\" \/>\n<meta property=\"og:site_name\" content=\"Neos\" \/>\n<meta property=\"article:modified_time\" content=\"2025-11-18T16:50:17+00:00\" \/>\n<meta name=\"twitter:card\" content=\"summary_large_image\" \/>\n<meta name=\"twitter:label1\" content=\"Gesch\u00e4tzte Lesezeit\" \/>\n\t<meta name=\"twitter:data1\" content=\"6\u00a0Minuten\" \/>\n<script type=\"application\/ld+json\" class=\"yoast-schema-graph\">{\"@context\":\"https:\\\/\\\/schema.org\",\"@graph\":[{\"@type\":\"WebPage\",\"@id\":\"https:\\\/\\\/neos-detergents.com\\\/de\\\/rechtliche-hinweise-und-impressum\\\/\",\"url\":\"https:\\\/\\\/neos-detergents.com\\\/de\\\/rechtliche-hinweise-und-impressum\\\/\",\"name\":\"Rechtliche Hinweise und Impressum | Neos\",\"isPartOf\":{\"@id\":\"https:\\\/\\\/neos-detergents.com\\\/de\\\/#website\"},\"datePublished\":\"2023-11-10T13:33:49+00:00\",\"dateModified\":\"2025-11-18T16:50:17+00:00\",\"description\":\"Diese Website ist das Eigentum von Neos, Neos wird im Folgenden als \u201eWebsite-Inhaber\u201c bezeichnet und die Website neos-detergents.com wird im Folgenden als \u201eWebsite\u201c bezeichnet.\",\"breadcrumb\":{\"@id\":\"https:\\\/\\\/neos-detergents.com\\\/de\\\/rechtliche-hinweise-und-impressum\\\/#breadcrumb\"},\"inLanguage\":\"de\",\"potentialAction\":[{\"@type\":\"ReadAction\",\"target\":[\"https:\\\/\\\/neos-detergents.com\\\/de\\\/rechtliche-hinweise-und-impressum\\\/\"]}]},{\"@type\":\"BreadcrumbList\",\"@id\":\"https:\\\/\\\/neos-detergents.com\\\/de\\\/rechtliche-hinweise-und-impressum\\\/#breadcrumb\",\"itemListElement\":[{\"@type\":\"ListItem\",\"position\":1,\"name\":\"Neos\",\"item\":\"https:\\\/\\\/neos-detergents.com\\\/de\\\/\"},{\"@type\":\"ListItem\",\"position\":2,\"name\":\"Rechtliche Hinweise und Impressum\"}]},{\"@type\":\"WebSite\",\"@id\":\"https:\\\/\\\/neos-detergents.com\\\/de\\\/#website\",\"url\":\"https:\\\/\\\/neos-detergents.com\\\/de\\\/\",\"name\":\"Neos\",\"description\":\"La performance durable au service de l&#039;industrie cosm\u00e9tique\",\"publisher\":{\"@id\":\"https:\\\/\\\/neos-detergents.com\\\/de\\\/#organization\"},\"potentialAction\":[{\"@type\":\"SearchAction\",\"target\":{\"@type\":\"EntryPoint\",\"urlTemplate\":\"https:\\\/\\\/neos-detergents.com\\\/de\\\/?s={search_term_string}\"},\"query-input\":{\"@type\":\"PropertyValueSpecification\",\"valueRequired\":true,\"valueName\":\"search_term_string\"}}],\"inLanguage\":\"de\"},{\"@type\":\"Organization\",\"@id\":\"https:\\\/\\\/neos-detergents.com\\\/de\\\/#organization\",\"name\":\"Neos\",\"url\":\"https:\\\/\\\/neos-detergents.com\\\/de\\\/\",\"logo\":{\"@type\":\"ImageObject\",\"inLanguage\":\"de\",\"@id\":\"https:\\\/\\\/neos-detergents.com\\\/de\\\/#\\\/schema\\\/logo\\\/image\\\/\",\"url\":\"https:\\\/\\\/neos-detergents.com\\\/wp-content\\\/uploads\\\/2025\\\/08\\\/logo.svg\",\"contentUrl\":\"https:\\\/\\\/neos-detergents.com\\\/wp-content\\\/uploads\\\/2025\\\/08\\\/logo.svg\",\"width\":1,\"height\":1,\"caption\":\"Neos\"},\"image\":{\"@id\":\"https:\\\/\\\/neos-detergents.com\\\/de\\\/#\\\/schema\\\/logo\\\/image\\\/\"}}]}<\/script>\n<!-- \/ Yoast SEO plugin. -->","yoast_head_json":{"title":"Rechtliche Hinweise und Impressum | Neos","description":"Diese Website ist das Eigentum von Neos, Neos wird im Folgenden als \u201eWebsite-Inhaber\u201c bezeichnet und die Website neos-detergents.com wird im Folgenden als \u201eWebsite\u201c bezeichnet.","robots":{"index":"index","follow":"follow","max-snippet":"max-snippet:-1","max-image-preview":"max-image-preview:large","max-video-preview":"max-video-preview:-1"},"canonical":"https:\/\/neos-detergents.com\/de\/rechtliche-hinweise-und-impressum\/","og_locale":"de_DE","og_type":"article","og_title":"Rechtliche Hinweise und Impressum | Neos","og_description":"Diese Website ist das Eigentum von Neos, Neos wird im Folgenden als \u201eWebsite-Inhaber\u201c bezeichnet und die Website neos-detergents.com wird im Folgenden als \u201eWebsite\u201c bezeichnet.","og_url":"https:\/\/neos-detergents.com\/de\/rechtliche-hinweise-und-impressum\/","og_site_name":"Neos","article_modified_time":"2025-11-18T16:50:17+00:00","twitter_card":"summary_large_image","twitter_misc":{"Gesch\u00e4tzte Lesezeit":"6\u00a0Minuten"},"schema":{"@context":"https:\/\/schema.org","@graph":[{"@type":"WebPage","@id":"https:\/\/neos-detergents.com\/de\/rechtliche-hinweise-und-impressum\/","url":"https:\/\/neos-detergents.com\/de\/rechtliche-hinweise-und-impressum\/","name":"Rechtliche Hinweise und Impressum | Neos","isPartOf":{"@id":"https:\/\/neos-detergents.com\/de\/#website"},"datePublished":"2023-11-10T13:33:49+00:00","dateModified":"2025-11-18T16:50:17+00:00","description":"Diese Website ist das Eigentum von Neos, Neos wird im Folgenden als \u201eWebsite-Inhaber\u201c bezeichnet und die Website neos-detergents.com wird im Folgenden als \u201eWebsite\u201c bezeichnet.","breadcrumb":{"@id":"https:\/\/neos-detergents.com\/de\/rechtliche-hinweise-und-impressum\/#breadcrumb"},"inLanguage":"de","potentialAction":[{"@type":"ReadAction","target":["https:\/\/neos-detergents.com\/de\/rechtliche-hinweise-und-impressum\/"]}]},{"@type":"BreadcrumbList","@id":"https:\/\/neos-detergents.com\/de\/rechtliche-hinweise-und-impressum\/#breadcrumb","itemListElement":[{"@type":"ListItem","position":1,"name":"Neos","item":"https:\/\/neos-detergents.com\/de\/"},{"@type":"ListItem","position":2,"name":"Rechtliche Hinweise und Impressum"}]},{"@type":"WebSite","@id":"https:\/\/neos-detergents.com\/de\/#website","url":"https:\/\/neos-detergents.com\/de\/","name":"Neos","description":"La performance durable au service de l&#039;industrie cosm\u00e9tique","publisher":{"@id":"https:\/\/neos-detergents.com\/de\/#organization"},"potentialAction":[{"@type":"SearchAction","target":{"@type":"EntryPoint","urlTemplate":"https:\/\/neos-detergents.com\/de\/?s={search_term_string}"},"query-input":{"@type":"PropertyValueSpecification","valueRequired":true,"valueName":"search_term_string"}}],"inLanguage":"de"},{"@type":"Organization","@id":"https:\/\/neos-detergents.com\/de\/#organization","name":"Neos","url":"https:\/\/neos-detergents.com\/de\/","logo":{"@type":"ImageObject","inLanguage":"de","@id":"https:\/\/neos-detergents.com\/de\/#\/schema\/logo\/image\/","url":"https:\/\/neos-detergents.com\/wp-content\/uploads\/2025\/08\/logo.svg","contentUrl":"https:\/\/neos-detergents.com\/wp-content\/uploads\/2025\/08\/logo.svg","width":1,"height":1,"caption":"Neos"},"image":{"@id":"https:\/\/neos-detergents.com\/de\/#\/schema\/logo\/image\/"}}]}},"_links":{"self":[{"href":"https:\/\/neos-detergents.com\/de\/wp-json\/wp\/v2\/pages\/990","targetHints":{"allow":["GET"]}}],"collection":[{"href":"https:\/\/neos-detergents.com\/de\/wp-json\/wp\/v2\/pages"}],"about":[{"href":"https:\/\/neos-detergents.com\/de\/wp-json\/wp\/v2\/types\/page"}],"author":[{"embeddable":true,"href":"https:\/\/neos-detergents.com\/de\/wp-json\/wp\/v2\/users\/1"}],"replies":[{"embeddable":true,"href":"https:\/\/neos-detergents.com\/de\/wp-json\/wp\/v2\/comments?post=990"}],"version-history":[{"count":48,"href":"https:\/\/neos-detergents.com\/de\/wp-json\/wp\/v2\/pages\/990\/revisions"}],"predecessor-version":[{"id":2422,"href":"https:\/\/neos-detergents.com\/de\/wp-json\/wp\/v2\/pages\/990\/revisions\/2422"}],"wp:attachment":[{"href":"https:\/\/neos-detergents.com\/de\/wp-json\/wp\/v2\/media?parent=990"}],"curies":[{"name":"wp","href":"https:\/\/api.w.org\/{rel}","templated":true}]}}