{"id":752,"date":"2025-08-22T08:52:52","date_gmt":"2025-08-22T06:52:52","guid":{"rendered":"https:\/\/neos-detergents.com\/preuves-defficacite\/"},"modified":"2025-12-19T17:31:51","modified_gmt":"2025-12-19T16:31:51","slug":"evidence-of-efficacy","status":"publish","type":"page","link":"https:\/\/neos-detergents.com\/en\/evidence-of-efficacy\/","title":{"rendered":"Evidence of efficacy"},"content":{"rendered":"\n<div class=\"block-banniere\" data-module=\"blockBanniere\">\n    <div class=\"block-banniere__inner\">\n                    <div class=\"block-banniere__breadcrumbs\">\n                <div class=\"breadcrumb-icon\">\n                    <img loading=\"lazy\" decoding=\"async\" \n                        src=\"https:\/\/neos-detergents.com\/wp-content\/themes\/mediapilote\/images\/icons\/breadcrumb.svg\" \n                        alt=\"Breadcrumb icon\"\n                        width=\"14\" \n                        height=\"14\"\n                    \/>\n                <\/div>\n                <nav class=\"breadcrumb-nav\" aria-label=\"Breadcrumb\"><span><span><a href=\"https:\/\/neos-detergents.com\/en\/\">Neos<\/a><\/span><\/span><\/nav>            <\/div>\n        \n                    <div class=\"block-banniere__image-container\">\n                                <img decoding=\"async\" \n                    src=\"https:\/\/neos-detergents.com\/wp-content\/uploads\/2025\/08\/neos-preuves-efficacite.webp\" \n                    alt=\"neos preuves efficacite\"\n                    title=\"neos preuves efficacite\"\n                    class=\"block-banniere__image\"\n                    loading=\"lazy\"\n                \/>\n            <\/div>\n        \n        <div class=\"block-banniere__content\">\n                            <h1 class=\"block-banniere__title\">\n                    Evidence of efficacy                <\/h1>\n            \n            \n                            <div class=\"block-banniere__description\">\n                    <p style=\"text-align: center\">At NEOS, we have always made it a point of honour to guarantee the actual performance of our products.<\/p>\n<p style=\"text-align: center\">This is why all our detergents undergo strict trials in real conditions, in order to reflect the situations you handle on a daily basis.<\/p>\n<p>There are test reports and approval documents to support the efficacy of our formulas. These transparent results have been produced using painstaking protocols and constant quality and reliability requirements.<\/p>\n                <\/div>\n                    <\/div>\n    <\/div>\n<\/div>\n\n\n\n<div class=\"block-repertoire-preuves align80\" id=\"block-repertoire-preuves-block_fa273488fd206c315fa43dd4b0f9898d\">\n\n\n    <div class=\"repertoire-container\">\n        <!-- Colonne Produits -->\n        <div class=\"repertoire-colonne produit-colonne\" id=\"produitColonne\">\n            <div class=\"colonne-content\">\n                <p class=\"loading-message\">Loading products&#8230;<\/p>\n            <\/div>\n        <\/div>\n\n        <!-- Colonne Ann\u00e9es -->\n        <div class=\"repertoire-colonne annee-colonne\" id=\"anneeColonne\">\n            <div class=\"colonne-content\">\n                <p class=\"default-message\">Select a product<\/p>\n            <\/div>\n        <\/div>\n\n        <!-- Colonne Preuves -->\n        <div class=\"repertoire-colonne preuves-colonne\" id=\"listingColonne\">\n            <div class=\"colonne-content\">\n                <p class=\"default-message\">Select a year<\/p>\n            <\/div>\n        <\/div>\n\n        <!-- Colonne Contenu -->\n        <div class=\"repertoire-colonne contenu-colonne\" id=\"contenuColonne\">\n            <div class=\"colonne-content\">\n                <p class=\"default-message\">Select a proof to see its content<\/p>\n            <\/div>\n        <\/div>\n    <\/div>\n\n    <!-- Bouton de t\u00e9l\u00e9chargement (fixe en bas \u00e0 droite) -->\n    <div class=\"download-button-container\" style=\"display: none;\">\n        <div class=\"download-button\">\n            <span class=\"download-text\">Download the document<\/span>\n            <img decoding=\"async\" src=\"https:\/\/neos-detergents.com\/wp-content\/themes\/mediapilote\/images\/icons\/download.svg\" alt=\"Download\" class=\"download-icon\" \/>\n        <\/div>\n    <\/div>\n<\/div>\n\n<script>\n\/\/ Initialisation du bloc R\u00e9pertoire de preuves\ndocument.addEventListener('DOMContentLoaded', function () {\n    const ajaxUrl = window.ajaxurl || '\/wp-admin\/admin-ajax.php';\n    const blockId = 'block_fa273488fd206c315fa43dd4b0f9898d';\n    \n    \/\/ Initialiser le bloc\n    if (typeof initRepertoirePreuves === 'function') {\n        initRepertoirePreuves(ajaxUrl, blockId);\n    }\n});\n<\/script>\n\n<!-- Popup du formulaire de contact -->\n<div id=\"block-repertoire-preuves-popup\" class=\"block-repertoire-preuves-popup\" style=\"display: none;\">\n    <div class=\"block-repertoire-preuves-popup__overlay\"><\/div>\n    <div class=\"block-repertoire-preuves-popup__content\">\n        <button class=\"block-repertoire-preuves-popup__close\" aria-label=\"Close popup\">\n            <svg width=\"24\" height=\"24\" viewBox=\"0 0 24 24\" fill=\"none\" xmlns=\"http:\/\/www.w3.org\/2000\/svg\">\n                <path d=\"M18 6L6 18M6 6L18 18\" stroke=\"#1D1D1B\" stroke-width=\"2\" stroke-linecap=\"round\" stroke-linejoin=\"round\"\/>\n            <\/svg>\n        <\/button>\n        <div class=\"block-repertoire-preuves-popup__form\">\n            <h2>Receive your document<\/h2>\n            \n<div class=\"wpcf7 no-js\" id=\"wpcf7-f2783-o1\" lang=\"en-US\" dir=\"ltr\" data-wpcf7-id=\"2783\">\n<div class=\"screen-reader-response\"><p role=\"status\" aria-live=\"polite\" aria-atomic=\"true\"><\/p> <ul><\/ul><\/div>\n<form action=\"\/en\/wp-json\/wp\/v2\/pages\/752#wpcf7-f2783-o1\" method=\"post\" class=\"wpcf7-form init\" aria-label=\"Contact form\" novalidate=\"novalidate\" data-status=\"init\">\n<fieldset class=\"hidden-fields-container\"><input type=\"hidden\" name=\"_wpcf7\" value=\"2783\" \/><input type=\"hidden\" name=\"_wpcf7_version\" value=\"6.1.5\" \/><input type=\"hidden\" name=\"_wpcf7_locale\" value=\"en_US\" \/><input type=\"hidden\" name=\"_wpcf7_unit_tag\" value=\"wpcf7-f2783-o1\" \/><input type=\"hidden\" name=\"_wpcf7_container_post\" value=\"0\" \/><input type=\"hidden\" name=\"_wpcf7_posted_data_hash\" value=\"\" \/>\n<\/fieldset>\n<input class=\"wpcf7-form-control wpcf7-hidden\" id=\"nom-produit\" value=\"\" type=\"hidden\" name=\"nom-produit\" \/>\n<input class=\"wpcf7-form-control wpcf7-hidden\" id=\"nom-preuve\" value=\"\" type=\"hidden\" name=\"nom-preuve\" \/>\n<input class=\"wpcf7-form-control wpcf7-hidden\" id=\"nom-document\" value=\"\" type=\"hidden\" name=\"nom-document\" \/>\n<div class=\"formulaire_container\">\n\t<div class=\"row d-flex x-y-center\">\n\t\t<div class=\"col-md-6 col-sm-12\">\n\t\t\t<p><label>Surname <span class=\"wpcf7-form-control-wrap\" data-name=\"your-name\"><input size=\"40\" maxlength=\"400\" class=\"wpcf7-form-control wpcf7-text wpcf7-validates-as-required\" aria-required=\"true\" aria-invalid=\"false\" placeholder=\"e.g. : Smith\" value=\"\" type=\"text\" name=\"your-name\" \/><\/span><br \/>\n<\/label>\n\t\t\t<\/p>\n\t\t<\/div>\n\t\t<div class=\"col-md-6 col-sm-12\">\n\t\t\t<p><label>First Name <span class=\"wpcf7-form-control-wrap\" data-name=\"your-surname\"><input size=\"40\" maxlength=\"400\" class=\"wpcf7-form-control wpcf7-text wpcf7-validates-as-required\" aria-required=\"true\" aria-invalid=\"false\" placeholder=\"e.g. : Jane\" value=\"\" type=\"text\" name=\"your-surname\" \/><\/span><br \/>\n<\/label>\n\t\t\t<\/p>\n\t\t<\/div>\n\t<\/div>\n\t<div class=\"row d-flex x-y-center\">\n\t\t<div class=\"col-12\">\n\t\t\t<p><label>Company <span class=\"wpcf7-form-control-wrap\" data-name=\"your-company\"><input size=\"40\" maxlength=\"400\" class=\"wpcf7-form-control wpcf7-text wpcf7-validates-as-required\" aria-required=\"true\" aria-invalid=\"false\" placeholder=\"e.g. : Symbiose Environnement\" value=\"\" type=\"text\" name=\"your-company\" \/><\/span><br \/>\n<\/label><br \/>\n<label>Email <span class=\"wpcf7-form-control-wrap\" data-name=\"your-email\"><input size=\"40\" maxlength=\"400\" class=\"wpcf7-form-control wpcf7-email wpcf7-validates-as-required wpcf7-text wpcf7-validates-as-email\" aria-required=\"true\" aria-invalid=\"false\" placeholder=\"e.g. : jane.smith@email.com\" value=\"\" type=\"email\" name=\"your-email\" \/><\/span><br \/>\n<\/label>\n\t\t\t<\/p>\n\t\t<\/div>\n\t<\/div>\n\t<div class=\"row d-flex x-y-center contact-footer\">\n\t\t<div class=\"col-12 your-consent\">\n\t\t\t<p><span class=\"wpcf7-form-control-wrap\" data-name=\"your-consent\"><span class=\"wpcf7-form-control wpcf7-acceptance\"><span class=\"wpcf7-list-item\"><label><input type=\"checkbox\" name=\"your-consent\" value=\"1\" class=\"rgpd\" aria-invalid=\"false\" \/><span class=\"wpcf7-list-item-label\">Ticking this box indicates that you agree to NEOS using your personal data to process your request. You have the right to access, rectify and delete this data. To find out more, <a href=\"http:\/\/dev.neos-ajout-telechargement.mediapilote-laval.fr\/mentions-legales\/\">click here<\/a><\/span><\/label><\/span><\/span><\/span>\n\t\t\t<\/p>\n\t\t<\/div>\n\t\t<div class=\"col-12\">\n\t\t\t<div id=\"formSubmit\" class=\"row\">\n\t\t\t\t<div class=\"col-12\">\n\t\t\t\t\t<p><span class=\"wpcf7-form-control-wrap\" data-name=\"hcap-cf7\">\t\t<input\n\t\t\t\ttype=\"hidden\"\n\t\t\t\tclass=\"hcaptcha-widget-id\"\n\t\t\t\tname=\"hcaptcha-widget-id\"\n\t\t\t\tvalue=\"eyJzb3VyY2UiOlsiY29udGFjdC1mb3JtLTdcL3dwLWNvbnRhY3QtZm9ybS03LnBocCJdLCJmb3JtX2lkIjo4OTR9-1b4fc779149c69ac8608733d0599f3a1\">\n\t\t\t\t<span id=\"hcap_cf7-69e169dc75ea20.57423804\" class=\"wpcf7-form-control h-captcha \"\n\t\t\tdata-sitekey=\"6f3c114c-174a-41d8-946c-c6a4ef7c2ea4\"\n\t\t\tdata-theme=\"light\"\n\t\t\tdata-size=\"normal\"\n\t\t\tdata-auto=\"false\"\n\t\t\tdata-ajax=\"false\"\n\t\t\tdata-force=\"false\">\n\t\t<\/span>\n\t\t<input type=\"hidden\" id=\"_wpnonce\" name=\"_wpnonce\" value=\"91c1e3f42b\" \/><input type=\"hidden\" name=\"_wp_http_referer\" value=\"\/en\/wp-json\/wp\/v2\/pages\/752\" \/><\/span><input class=\"wpcf7-form-control wpcf7-submit has-spinner btn-secondary btn btn-black\" id=\"formSubmit\" type=\"submit\" value=\"Send\" \/>\n\t\t\t\t\t<\/p>\n\t\t\t\t<\/div>\n\t\t\t<\/div>\n\t\t<\/div>\n\t<\/div>\n<\/div><div class=\"wpcf7-response-output\" aria-hidden=\"true\"><\/div>\n<\/form>\n<\/div>\n        <\/div>\n    <\/div>\n<\/div>\n\n\n","protected":false},"excerpt":{"rendered":"","protected":false},"author":1,"featured_media":0,"parent":0,"menu_order":2,"comment_status":"closed","ping_status":"closed","template":"","meta":{"_acf_changed":false,"footnotes":""},"class_list":["post-752","page","type-page","status-publish","hentry"],"acf":[],"yoast_head":"<!-- This site is optimized with the Yoast SEO plugin v27.3 - https:\/\/yoast.com\/product\/yoast-seo-wordpress\/ -->\n<title>Evidence of efficacy | Neos<\/title>\n<meta name=\"description\" content=\"Discover our proof of effectiveness based on tests carried out with Neos detergents on various cosmetics.\" \/>\n<meta name=\"robots\" content=\"index, follow, max-snippet:-1, max-image-preview:large, max-video-preview:-1\" \/>\n<link rel=\"canonical\" href=\"https:\/\/neos-detergents.com\/en\/evidence-of-efficacy\/\" \/>\n<meta property=\"og:locale\" content=\"en_US\" \/>\n<meta property=\"og:type\" content=\"article\" \/>\n<meta property=\"og:title\" content=\"Evidence of efficacy | Neos\" \/>\n<meta property=\"og:description\" content=\"Discover our proof of effectiveness based on tests carried out with Neos detergents on various cosmetics.\" \/>\n<meta property=\"og:url\" content=\"https:\/\/neos-detergents.com\/en\/evidence-of-efficacy\/\" \/>\n<meta property=\"og:site_name\" content=\"Neos\" \/>\n<meta property=\"article:modified_time\" content=\"2025-12-19T16:31:51+00:00\" \/>\n<meta name=\"twitter:card\" content=\"summary_large_image\" \/>\n<meta name=\"twitter:label1\" content=\"Est. reading time\" \/>\n\t<meta name=\"twitter:data1\" content=\"2 minutes\" \/>\n<script type=\"application\/ld+json\" class=\"yoast-schema-graph\">{\"@context\":\"https:\\\/\\\/schema.org\",\"@graph\":[{\"@type\":\"WebPage\",\"@id\":\"https:\\\/\\\/neos-detergents.com\\\/en\\\/evidence-of-efficacy\\\/\",\"url\":\"https:\\\/\\\/neos-detergents.com\\\/en\\\/evidence-of-efficacy\\\/\",\"name\":\"Evidence of efficacy | Neos\",\"isPartOf\":{\"@id\":\"https:\\\/\\\/neos-detergents.com\\\/en\\\/#website\"},\"datePublished\":\"2025-08-22T06:52:52+00:00\",\"dateModified\":\"2025-12-19T16:31:51+00:00\",\"description\":\"Discover our proof of effectiveness based on tests carried out with Neos detergents on various cosmetics.\",\"breadcrumb\":{\"@id\":\"https:\\\/\\\/neos-detergents.com\\\/en\\\/evidence-of-efficacy\\\/#breadcrumb\"},\"inLanguage\":\"en-US\",\"potentialAction\":[{\"@type\":\"ReadAction\",\"target\":[\"https:\\\/\\\/neos-detergents.com\\\/en\\\/evidence-of-efficacy\\\/\"]}]},{\"@type\":\"BreadcrumbList\",\"@id\":\"https:\\\/\\\/neos-detergents.com\\\/en\\\/evidence-of-efficacy\\\/#breadcrumb\",\"itemListElement\":[{\"@type\":\"ListItem\",\"position\":1,\"name\":\"Neos\",\"item\":\"https:\\\/\\\/neos-detergents.com\\\/en\\\/\"},{\"@type\":\"ListItem\",\"position\":2,\"name\":\"Evidence of efficacy\"}]},{\"@type\":\"WebSite\",\"@id\":\"https:\\\/\\\/neos-detergents.com\\\/en\\\/#website\",\"url\":\"https:\\\/\\\/neos-detergents.com\\\/en\\\/\",\"name\":\"Neos\",\"description\":\"La performance durable au service de l&#039;industrie cosm\u00e9tique\",\"publisher\":{\"@id\":\"https:\\\/\\\/neos-detergents.com\\\/en\\\/#organization\"},\"potentialAction\":[{\"@type\":\"SearchAction\",\"target\":{\"@type\":\"EntryPoint\",\"urlTemplate\":\"https:\\\/\\\/neos-detergents.com\\\/en\\\/?s={search_term_string}\"},\"query-input\":{\"@type\":\"PropertyValueSpecification\",\"valueRequired\":true,\"valueName\":\"search_term_string\"}}],\"inLanguage\":\"en-US\"},{\"@type\":\"Organization\",\"@id\":\"https:\\\/\\\/neos-detergents.com\\\/en\\\/#organization\",\"name\":\"Neos\",\"url\":\"https:\\\/\\\/neos-detergents.com\\\/en\\\/\",\"logo\":{\"@type\":\"ImageObject\",\"inLanguage\":\"en-US\",\"@id\":\"https:\\\/\\\/neos-detergents.com\\\/en\\\/#\\\/schema\\\/logo\\\/image\\\/\",\"url\":\"https:\\\/\\\/neos-detergents.com\\\/wp-content\\\/uploads\\\/2025\\\/08\\\/logo.svg\",\"contentUrl\":\"https:\\\/\\\/neos-detergents.com\\\/wp-content\\\/uploads\\\/2025\\\/08\\\/logo.svg\",\"width\":1,\"height\":1,\"caption\":\"Neos\"},\"image\":{\"@id\":\"https:\\\/\\\/neos-detergents.com\\\/en\\\/#\\\/schema\\\/logo\\\/image\\\/\"}}]}<\/script>\n<!-- \/ Yoast SEO plugin. -->","yoast_head_json":{"title":"Evidence of efficacy | Neos","description":"Discover our proof of effectiveness based on tests carried out with Neos detergents on various cosmetics.","robots":{"index":"index","follow":"follow","max-snippet":"max-snippet:-1","max-image-preview":"max-image-preview:large","max-video-preview":"max-video-preview:-1"},"canonical":"https:\/\/neos-detergents.com\/en\/evidence-of-efficacy\/","og_locale":"en_US","og_type":"article","og_title":"Evidence of efficacy | Neos","og_description":"Discover our proof of effectiveness based on tests carried out with Neos detergents on various cosmetics.","og_url":"https:\/\/neos-detergents.com\/en\/evidence-of-efficacy\/","og_site_name":"Neos","article_modified_time":"2025-12-19T16:31:51+00:00","twitter_card":"summary_large_image","twitter_misc":{"Est. reading time":"2 minutes"},"schema":{"@context":"https:\/\/schema.org","@graph":[{"@type":"WebPage","@id":"https:\/\/neos-detergents.com\/en\/evidence-of-efficacy\/","url":"https:\/\/neos-detergents.com\/en\/evidence-of-efficacy\/","name":"Evidence of efficacy | Neos","isPartOf":{"@id":"https:\/\/neos-detergents.com\/en\/#website"},"datePublished":"2025-08-22T06:52:52+00:00","dateModified":"2025-12-19T16:31:51+00:00","description":"Discover our proof of effectiveness based on tests carried out with Neos detergents on various cosmetics.","breadcrumb":{"@id":"https:\/\/neos-detergents.com\/en\/evidence-of-efficacy\/#breadcrumb"},"inLanguage":"en-US","potentialAction":[{"@type":"ReadAction","target":["https:\/\/neos-detergents.com\/en\/evidence-of-efficacy\/"]}]},{"@type":"BreadcrumbList","@id":"https:\/\/neos-detergents.com\/en\/evidence-of-efficacy\/#breadcrumb","itemListElement":[{"@type":"ListItem","position":1,"name":"Neos","item":"https:\/\/neos-detergents.com\/en\/"},{"@type":"ListItem","position":2,"name":"Evidence of efficacy"}]},{"@type":"WebSite","@id":"https:\/\/neos-detergents.com\/en\/#website","url":"https:\/\/neos-detergents.com\/en\/","name":"Neos","description":"La performance durable au service de l&#039;industrie cosm\u00e9tique","publisher":{"@id":"https:\/\/neos-detergents.com\/en\/#organization"},"potentialAction":[{"@type":"SearchAction","target":{"@type":"EntryPoint","urlTemplate":"https:\/\/neos-detergents.com\/en\/?s={search_term_string}"},"query-input":{"@type":"PropertyValueSpecification","valueRequired":true,"valueName":"search_term_string"}}],"inLanguage":"en-US"},{"@type":"Organization","@id":"https:\/\/neos-detergents.com\/en\/#organization","name":"Neos","url":"https:\/\/neos-detergents.com\/en\/","logo":{"@type":"ImageObject","inLanguage":"en-US","@id":"https:\/\/neos-detergents.com\/en\/#\/schema\/logo\/image\/","url":"https:\/\/neos-detergents.com\/wp-content\/uploads\/2025\/08\/logo.svg","contentUrl":"https:\/\/neos-detergents.com\/wp-content\/uploads\/2025\/08\/logo.svg","width":1,"height":1,"caption":"Neos"},"image":{"@id":"https:\/\/neos-detergents.com\/en\/#\/schema\/logo\/image\/"}}]}},"_links":{"self":[{"href":"https:\/\/neos-detergents.com\/en\/wp-json\/wp\/v2\/pages\/752","targetHints":{"allow":["GET"]}}],"collection":[{"href":"https:\/\/neos-detergents.com\/en\/wp-json\/wp\/v2\/pages"}],"about":[{"href":"https:\/\/neos-detergents.com\/en\/wp-json\/wp\/v2\/types\/page"}],"author":[{"embeddable":true,"href":"https:\/\/neos-detergents.com\/en\/wp-json\/wp\/v2\/users\/1"}],"replies":[{"embeddable":true,"href":"https:\/\/neos-detergents.com\/en\/wp-json\/wp\/v2\/comments?post=752"}],"version-history":[{"count":49,"href":"https:\/\/neos-detergents.com\/en\/wp-json\/wp\/v2\/pages\/752\/revisions"}],"predecessor-version":[{"id":2529,"href":"https:\/\/neos-detergents.com\/en\/wp-json\/wp\/v2\/pages\/752\/revisions\/2529"}],"wp:attachment":[{"href":"https:\/\/neos-detergents.com\/en\/wp-json\/wp\/v2\/media?parent=752"}],"curies":[{"name":"wp","href":"https:\/\/api.w.org\/{rel}","templated":true}]}}